{"id":4040,"date":"2017-10-06T18:06:40","date_gmt":"2017-10-06T22:06:40","guid":{"rendered":"http:\/\/dimensionfxmedia.com\/sebastien-lavallee-mpa\/"},"modified":"2022-10-04T15:02:51","modified_gmt":"2022-10-04T19:02:51","slug":"sebastien-lavallee-mpa","status":"publish","type":"page","link":"https:\/\/dimensionfxmedia.com\/fr\/a-propos\/sebastien-lavallee-mpa\/","title":{"rendered":"S\u00e9bastien Lavall\u00e9e MPA"},"content":{"rendered":"<div class=\"wpb-content-wrapper\"><p>[vc_row][vc_column width=\u00a0\u00bb1\/3&Prime;][vc_single_image image=\u00a0\u00bb4033&Prime; img_size=\u00a0\u00bbfull\u00a0\u00bb alignment=\u00a0\u00bbcenter\u00a0\u00bb style=\u00a0\u00bbvc_box_circle\u00a0\u00bb image_hovers=\u00a0\u00bbfalse\u00a0\u00bb][vc_column_text]<\/p>\n<h3 style=\"text-align: center;\">S\u00e9bastien Lavall\u00e9e MPA<\/h3>\n<h4 style=\"text-align: center;\"><span style=\"color: #cccccc;\">photographe &amp; vid\u00e9aste<\/span><\/h4>\n<p>[\/vc_column_text][vc_separator][vc_column_text]<\/p>\n<h4 style=\"text-align: center;\">Information de contact<\/h4>\n<p style=\"text-align: center;\">Bureau: 514-772-1144<br \/>\nCel: 819-319-9075<\/p>\n<p style=\"text-align: center;\"><div class=\"soc-ico text-centered\"><a title=\"Site Web page opens in new window\" href=\"http:\/\/sebastienlavallee.com\" target=\"_blank\" class=\"website\"><span class=\"soc-font-icon\"><\/span><span class=\"screen-reader-text\">Site Web page opens in new window<\/span><\/a><a title=\"Courriel page opens in new window\" href=\"http:\/\/dimensionfxmedia.com\/contact\/\" target=\"\" class=\"mail\"><span class=\"soc-font-icon\"><\/span><span class=\"screen-reader-text\">Courriel page opens in new window<\/span><\/a><a title=\"Facebook page opens in new window\" href=\"https:\/\/www.facebook.com\/SebastienLavalleePhotographe\" target=\"_blank\" class=\"facebook\"><span class=\"soc-font-icon\"><\/span><span class=\"screen-reader-text\">Facebook page opens in new window<\/span><\/a><a title=\"Instagram page opens in new window\" href=\"https:\/\/www.instagram.com\/slavallee\/\" target=\"_blank\" class=\"instagram\"><span class=\"soc-font-icon\"><\/span><span class=\"screen-reader-text\">Instagram page opens in new window<\/span><\/a><a title=\"LinkedIn page opens in new window\" href=\"https:\/\/ca.linkedin.com\/in\/sebastienlavallee?trk=shareTw\" target=\"_blank\" class=\"linkedin\"><span class=\"soc-font-icon\"><\/span><span class=\"screen-reader-text\">LinkedIn page opens in new window<\/span><\/a><a title=\"Vimeo page opens in new window\" href=\"https:\/\/vimeo.com\/user1989335\" target=\"_blank\" class=\"vimeo\"><span class=\"soc-font-icon\"><\/span><span class=\"screen-reader-text\">Vimeo page opens in new window<\/span><\/a><a title=\"X page opens in new window\" href=\"https:\/\/twitter.com\/seb_lavallee\" target=\"_blank\" class=\"twitter\"><span class=\"soc-font-icon\"><\/span><span class=\"screen-reader-text\">X page opens in new window<\/span><\/a><\/div>\n<p>[\/vc_column_text][vc_separator][\/vc_column][vc_column width=\u00a0\u00bb2\/3&Prime;][vc_column_text]<\/p>\n<h4>Biographie<\/h4>\n<p>Ma\u00eetre photographe aupr\u00e8s de l\u2019association des PPOC (Professional Photographers of Canada) dont il est membre. R\u00e9cipiendaire de plusieurs prix en photographie commerciale. Ayant fait ses \u00e9tudes en cin\u00e9ma, S\u00e9bastien a aussi une grande expertise en vid\u00e9o.[\/vc_column_text][vc_column_text css=\u00a0\u00bb.vc_custom_1507314888203{margin-bottom: 10px !important;}\u00a0\u00bb]<\/p>\n<h4>Prix et reconnaissances<\/h4>\n<p>[\/vc_column_text][vc_column_text css=\u00a0\u00bb.vc_custom_1507314906543{margin-top: 0px !important;padding-top: 0px !important;padding-left: 30px !important;}\u00a0\u00bb]<\/p>\n<ul>\n<li>2017 Ontario : Best in Class &#8211; Architecture<\/li>\n<li>2017 Canada : Finaliste Photographe canadien de l\u2019ann\u00e9e<\/li>\n<li>2017 Canada : Collection permanente (PPOC) &#8211; Architecture<\/li>\n<li>2016 Ontario : Best in Class &#8211; Architecture<\/li>\n<li>2016 Ontario : Best in Class &#8211; Press<\/li>\n<\/ul>\n<p>[\/vc_column_text][vc_separator][vc_column_text css=\u00a0\u00bb.vc_custom_1507314931043{margin-bottom: 30px !important;}\u00a0\u00bb]<\/p>\n<h4 style=\"text-align: center;\">Membre d\u2019Associations professionnelles<\/h4>\n<p>[\/vc_column_text][vc_single_image image=\u00a0\u00bb866&Prime; img_size=\u00a0\u00bbmedium\u00a0\u00bb alignment=\u00a0\u00bbcenter\u00a0\u00bb onclick=\u00a0\u00bbcustom_link\u00a0\u00bb img_link_target=\u00a0\u00bb_blank\u00a0\u00bb link=\u00a0\u00bbhttp:\/\/www.ppoc.ca\/\u00a0\u00bb][vc_separator][\/vc_column][\/vc_row]<\/p>\n<\/div>","protected":false},"excerpt":{"rendered":"<p>[vc_row][vc_column width=\u00a0\u00bb1\/3&Prime;][vc_single_image image=\u00a0\u00bb4033&Prime; img_size=\u00a0\u00bbfull\u00a0\u00bb alignment=\u00a0\u00bbcenter\u00a0\u00bb style=\u00a0\u00bbvc_box_circle\u00a0\u00bb image_hovers=\u00a0\u00bbfalse\u00a0\u00bb][vc_column_text] S\u00e9bastien Lavall\u00e9e MPA photographe &amp; vid\u00e9aste [\/vc_column_text][vc_separator][vc_column_text] Information de contact Bureau: 514-772-1144 Cel: 819-319-9075 [\/vc_column_text][vc_separator][\/vc_column][vc_column width=\u00a0\u00bb2\/3&Prime;][vc_column_text] Biographie Ma\u00eetre photographe aupr\u00e8s de l\u2019association des PPOC (Professional Photographers of Canada) dont il est membre. R\u00e9cipiendaire de plusieurs prix en photographie commerciale. Ayant fait ses \u00e9tudes en cin\u00e9ma, S\u00e9bastien a aussi&hellip;<\/p>\n","protected":false},"author":1,"featured_media":0,"parent":3641,"menu_order":13,"comment_status":"closed","ping_status":"closed","template":"","meta":{"footnotes":""},"_links":{"self":[{"href":"https:\/\/dimensionfxmedia.com\/fr\/wp-json\/wp\/v2\/pages\/4040"}],"collection":[{"href":"https:\/\/dimensionfxmedia.com\/fr\/wp-json\/wp\/v2\/pages"}],"about":[{"href":"https:\/\/dimensionfxmedia.com\/fr\/wp-json\/wp\/v2\/types\/page"}],"author":[{"embeddable":true,"href":"https:\/\/dimensionfxmedia.com\/fr\/wp-json\/wp\/v2\/users\/1"}],"replies":[{"embeddable":true,"href":"https:\/\/dimensionfxmedia.com\/fr\/wp-json\/wp\/v2\/comments?post=4040"}],"version-history":[{"count":4,"href":"https:\/\/dimensionfxmedia.com\/fr\/wp-json\/wp\/v2\/pages\/4040\/revisions"}],"predecessor-version":[{"id":4067,"href":"https:\/\/dimensionfxmedia.com\/fr\/wp-json\/wp\/v2\/pages\/4040\/revisions\/4067"}],"up":[{"embeddable":true,"href":"https:\/\/dimensionfxmedia.com\/fr\/wp-json\/wp\/v2\/pages\/3641"}],"wp:attachment":[{"href":"https:\/\/dimensionfxmedia.com\/fr\/wp-json\/wp\/v2\/media?parent=4040"}],"curies":[{"name":"wp","href":"https:\/\/api.w.org\/{rel}","templated":true}]}}