{"id":3654,"date":"2016-06-23T23:27:32","date_gmt":"2016-06-23T23:27:32","guid":{"rendered":"http:\/\/dimensionfxmedia.com\/fr\/news\/"},"modified":"2019-05-05T20:01:24","modified_gmt":"2019-05-05T20:01:24","slug":"quoi-de-neuf","status":"publish","type":"page","link":"https:\/\/dimensionfxmedia.com\/fr\/quoi-de-neuf\/","title":{"rendered":"Quoi de neuf?"},"content":{"rendered":"<div class=\"wpb-content-wrapper\"><p>[vc_row][vc_column][vc_column_text]<\/p>\n<h3 style=\"text-align: left;\">Des nouvelles de nous, des nouvelles de vous!<\/h3>\n<p style=\"text-align: left;\">Venez nous visiter r\u00e9guli\u00e8rement pour savoir ce qui se passe dans notre monde du multim\u00e9dia!<\/p>\n<p>[\/vc_column_text][vc_separator][\/vc_column][\/vc_row]<\/p>\n<\/div>","protected":false},"excerpt":{"rendered":"<p>[vc_row][vc_column][vc_column_text] Des nouvelles de nous, des nouvelles de vous! Venez nous visiter r\u00e9guli\u00e8rement pour savoir ce qui se passe dans notre monde du multim\u00e9dia! [\/vc_column_text][vc_separator][\/vc_column][\/vc_row]<\/p>\n","protected":false},"author":1,"featured_media":4531,"parent":0,"menu_order":40,"comment_status":"closed","ping_status":"closed","template":"template-blog-masonry.php","meta":{"footnotes":""},"_links":{"self":[{"href":"https:\/\/dimensionfxmedia.com\/fr\/wp-json\/wp\/v2\/pages\/3654"}],"collection":[{"href":"https:\/\/dimensionfxmedia.com\/fr\/wp-json\/wp\/v2\/pages"}],"about":[{"href":"https:\/\/dimensionfxmedia.com\/fr\/wp-json\/wp\/v2\/types\/page"}],"author":[{"embeddable":true,"href":"https:\/\/dimensionfxmedia.com\/fr\/wp-json\/wp\/v2\/users\/1"}],"replies":[{"embeddable":true,"href":"https:\/\/dimensionfxmedia.com\/fr\/wp-json\/wp\/v2\/comments?post=3654"}],"version-history":[{"count":9,"href":"https:\/\/dimensionfxmedia.com\/fr\/wp-json\/wp\/v2\/pages\/3654\/revisions"}],"predecessor-version":[{"id":3857,"href":"https:\/\/dimensionfxmedia.com\/fr\/wp-json\/wp\/v2\/pages\/3654\/revisions\/3857"}],"wp:featuredmedia":[{"embeddable":true,"href":"https:\/\/dimensionfxmedia.com\/fr\/wp-json\/wp\/v2\/media\/4531"}],"wp:attachment":[{"href":"https:\/\/dimensionfxmedia.com\/fr\/wp-json\/wp\/v2\/media?parent=3654"}],"curies":[{"name":"wp","href":"https:\/\/api.w.org\/{rel}","templated":true}]}}