{"id":3653,"date":"2016-06-29T03:32:53","date_gmt":"2016-06-29T07:32:53","guid":{"rendered":"http:\/\/dimensionfxmedia.com\/fr\/web\/"},"modified":"2022-10-04T14:47:38","modified_gmt":"2022-10-04T18:47:38","slug":"web","status":"publish","type":"page","link":"https:\/\/dimensionfxmedia.com\/fr\/web\/","title":{"rendered":"Portfolio | Web"},"content":{"rendered":"<div class=\"wpb-content-wrapper\"><p>[vc_row][vc_column][vc_column_text]<\/p>\n<h3 style=\"text-align: center;\">Ayez une visibilit\u00e9 accrue sur le web avec des professionnels du web!<\/h3>\n<p style=\"text-align: center;\">Pour une cr\u00e9ation de site web personnalis\u00e9, du commerce \u00e9lectronique, des banni\u00e8res anim\u00e9es, des r\u00e9seaux sociaux \u00e0 votre image, du r\u00e9f\u00e9rencement (SEO), d&rsquo;une mise \u00e0 jour, de r\u00e9servation de nom de domaine ou d&rsquo;h\u00e9bergement, Dimension FX Media est en mesure de vous aider \u00e0 augmenter votre visibilit\u00e9. Avec les technologies multim\u00e9dias qui \u00e9voluent rapidement, soyez assur\u00e9 que vous serez accessible de partout.<\/p>\n<p>[\/vc_column_text][\/vc_column][\/vc_row][vc_row][vc_column][vc_empty_space][vc_separator][vc_empty_space][\/vc_column][\/vc_row]<\/p>\n<\/div>","protected":false},"excerpt":{"rendered":"<p>[vc_row][vc_column][vc_column_text] Ayez une visibilit\u00e9 accrue sur le web avec des professionnels du web! Pour une cr\u00e9ation de site web personnalis\u00e9, du commerce \u00e9lectronique, des banni\u00e8res anim\u00e9es, des r\u00e9seaux sociaux \u00e0 votre image, du r\u00e9f\u00e9rencement (SEO), d&rsquo;une mise \u00e0 jour, de r\u00e9servation de nom de domaine ou d&rsquo;h\u00e9bergement, Dimension FX Media est en mesure de vous&hellip;<\/p>\n","protected":false},"author":1,"featured_media":0,"parent":0,"menu_order":36,"comment_status":"closed","ping_status":"closed","template":"template-portfolio-masonry.php","meta":{"footnotes":""},"_links":{"self":[{"href":"https:\/\/dimensionfxmedia.com\/fr\/wp-json\/wp\/v2\/pages\/3653"}],"collection":[{"href":"https:\/\/dimensionfxmedia.com\/fr\/wp-json\/wp\/v2\/pages"}],"about":[{"href":"https:\/\/dimensionfxmedia.com\/fr\/wp-json\/wp\/v2\/types\/page"}],"author":[{"embeddable":true,"href":"https:\/\/dimensionfxmedia.com\/fr\/wp-json\/wp\/v2\/users\/1"}],"replies":[{"embeddable":true,"href":"https:\/\/dimensionfxmedia.com\/fr\/wp-json\/wp\/v2\/comments?post=3653"}],"version-history":[{"count":4,"href":"https:\/\/dimensionfxmedia.com\/fr\/wp-json\/wp\/v2\/pages\/3653\/revisions"}],"predecessor-version":[{"id":3708,"href":"https:\/\/dimensionfxmedia.com\/fr\/wp-json\/wp\/v2\/pages\/3653\/revisions\/3708"}],"wp:attachment":[{"href":"https:\/\/dimensionfxmedia.com\/fr\/wp-json\/wp\/v2\/media?parent=3653"}],"curies":[{"name":"wp","href":"https:\/\/api.w.org\/{rel}","templated":true}]}}