{"id":3652,"date":"2016-06-29T17:26:35","date_gmt":"2016-06-29T21:26:35","guid":{"rendered":"http:\/\/dimensionfxmedia.com\/fr\/video\/"},"modified":"2022-10-04T14:56:31","modified_gmt":"2022-10-04T18:56:31","slug":"video","status":"publish","type":"page","link":"https:\/\/dimensionfxmedia.com\/fr\/video\/","title":{"rendered":"Portfolio | Vid\u00e9o"},"content":{"rendered":"<div class=\"wpb-content-wrapper\"><p>[vc_row][vc_column][vc_column_text]<\/p>\n<h3 style=\"text-align: center;\">Ayez une image exceptionnelle avec montage vid\u00e9o professionnel!!<\/h3>\n<p style=\"text-align: center;\">Avec la prolif\u00e9ration des r\u00e9seaux sociaux, c\u2019est maintenant un incontournable de pr\u00e9senter son image par la vid\u00e9o. La vid\u00e9o sur internet est facile \u00e0 distribuer et rejoint un large public. Elle peut m\u00eame devenir virale! Pour une pr\u00e9sentation corporative convaincante, une campagne promotionnelle, un photomontage original, Dimension FX Media offre des services vid\u00e9os professionnels.<\/p>\n<p>[\/vc_column_text][vc_empty_space][vc_separator][vc_empty_space][\/vc_column][\/vc_row]<\/p>\n<\/div>","protected":false},"excerpt":{"rendered":"<p>[vc_row][vc_column][vc_column_text] Ayez une image exceptionnelle avec montage vid\u00e9o professionnel!! Avec la prolif\u00e9ration des r\u00e9seaux sociaux, c\u2019est maintenant un incontournable de pr\u00e9senter son image par la vid\u00e9o. La vid\u00e9o sur internet est facile \u00e0 distribuer et rejoint un large public. Elle peut m\u00eame devenir virale! Pour une pr\u00e9sentation corporative convaincante, une campagne promotionnelle, un photomontage original,&hellip;<\/p>\n","protected":false},"author":1,"featured_media":0,"parent":0,"menu_order":35,"comment_status":"closed","ping_status":"closed","template":"template-portfolio-masonry.php","meta":{"footnotes":""},"_links":{"self":[{"href":"https:\/\/dimensionfxmedia.com\/fr\/wp-json\/wp\/v2\/pages\/3652"}],"collection":[{"href":"https:\/\/dimensionfxmedia.com\/fr\/wp-json\/wp\/v2\/pages"}],"about":[{"href":"https:\/\/dimensionfxmedia.com\/fr\/wp-json\/wp\/v2\/types\/page"}],"author":[{"embeddable":true,"href":"https:\/\/dimensionfxmedia.com\/fr\/wp-json\/wp\/v2\/users\/1"}],"replies":[{"embeddable":true,"href":"https:\/\/dimensionfxmedia.com\/fr\/wp-json\/wp\/v2\/comments?post=3652"}],"version-history":[{"count":3,"href":"https:\/\/dimensionfxmedia.com\/fr\/wp-json\/wp\/v2\/pages\/3652\/revisions"}],"predecessor-version":[{"id":3687,"href":"https:\/\/dimensionfxmedia.com\/fr\/wp-json\/wp\/v2\/pages\/3652\/revisions\/3687"}],"wp:attachment":[{"href":"https:\/\/dimensionfxmedia.com\/fr\/wp-json\/wp\/v2\/media?parent=3652"}],"curies":[{"name":"wp","href":"https:\/\/api.w.org\/{rel}","templated":true}]}}