{"id":3651,"date":"2016-06-23T22:07:20","date_gmt":"2016-06-24T02:07:20","guid":{"rendered":"http:\/\/dimensionfxmedia.com\/fr\/photomontage\/"},"modified":"2022-10-04T14:58:50","modified_gmt":"2022-10-04T18:58:50","slug":"photomontage","status":"publish","type":"page","link":"https:\/\/dimensionfxmedia.com\/fr\/photomontage\/","title":{"rendered":"Portfolio | Photomontage"},"content":{"rendered":"<div class=\"wpb-content-wrapper\"><p>[vc_row][vc_column][vc_column_text]<\/p>\n<h3 style=\"text-align: center;\">Ayez une image exceptionnelle avec montage photo professionnel!<\/h3>\n<p style=\"text-align: center;\">Il est souvent difficile, voire impossible, de prendre l\u2019image parfaite dans son contexte. Le photomontage est la solution pour obtenir une image spectaculaire.<br \/>\nPour d\u00e9placer ou ajouter un objet, mettre du cachet et des effets, modifier des d\u00e9cors ou am\u00e9liorer l\u2019aspect visuel d\u2019une photographie, le photomontage est la r\u00e9ponse.<br \/>\nParcourez nos r\u00e9alisations et vous serez impressionn\u00e9s!<\/p>\n<p>[\/vc_column_text][\/vc_column][\/vc_row][vc_row][vc_column][vc_separator][\/vc_column][\/vc_row][vc_row type=\u00a0\u00bbvc_default\u00a0\u00bb gap=\u00a0\u00bb20&Prime; equal_height=\u00a0\u00bbyes\u00a0\u00bb css=\u00a0\u00bb.vc_custom_1467681430375{margin-right: 5px !important;margin-bottom: 3px !important;margin-left: 5px !important;}\u00a0\u00bb][vc_column width=\u00a0\u00bb1\/2&Prime; css=\u00a0\u00bb.vc_custom_1467688508321{padding-top: 0px !important;padding-right: 0px !important;padding-bottom: 10px !important;padding-left: 0px !important;background-color: #efefef !important;}\u00a0\u00bb]<div class=\"twentytwenty-container\" data-orientation=\"horizontal\" data-offset=\"0.5\"><img loading=\"lazy\" decoding=\"async\" class=\"preload-me\" src=\"https:\/\/dimensionfxmedia.com\/wp-content\/uploads\/2016\/07\/DimensionFXmedia-Photomontage-Royale-Before-Avant.jpg\" width=\"1356\" height=\"900\"  title=\"Before \/ Avant\" alt=\"\"><img loading=\"lazy\" decoding=\"async\" class=\"preload-me\" src=\"https:\/\/dimensionfxmedia.com\/wp-content\/uploads\/2016\/07\/DimensionFXmedia-Photomontage-Royale-After-Apres.jpg\" width=\"1356\" height=\"900\"  title=\"After \/ Apr\u00e8s\" alt=\"\"><\/div>[vc_row_inner css=\u00a0\u00bb.vc_custom_1467660982489{padding-right: 20px !important;padding-left: 20px !important;}\u00a0\u00bb][vc_column_inner][vc_empty_space height=\u00a0\u00bb20px\u00a0\u00bb][vc_custom_heading text=\u00a0\u00bbAjout d&rsquo;am\u00e9nagement paysag\u00e9\u00a0\u00bb font_container=\u00a0\u00bbtag:h5|font_size:18|text_align:left\u00a0\u00bb use_theme_fonts=\u00a0\u00bbyes\u00a0\u00bb][\/vc_column_inner][\/vc_row_inner][\/vc_column][vc_column width=\u00a0\u00bb1\/2&Prime; css=\u00a0\u00bb.vc_custom_1467689262831{padding-top: 0px !important;padding-right: 0px !important;padding-bottom: 10px !important;padding-left: 0px !important;background-color: #efefef !important;}\u00a0\u00bb]<div class=\"twentytwenty-container\" data-orientation=\"horizontal\" data-offset=\"0.5\"><img loading=\"lazy\" decoding=\"async\" class=\"preload-me\" src=\"https:\/\/dimensionfxmedia.com\/wp-content\/uploads\/2016\/07\/DimensionFXmedia-Photomontage-Royale-Kitchen-Before-Avant.jpg\" width=\"1356\" height=\"900\"  title=\"Before \/ Avant\" alt=\"\"><img loading=\"lazy\" decoding=\"async\" class=\"preload-me\" src=\"https:\/\/dimensionfxmedia.com\/wp-content\/uploads\/2016\/07\/DimensionFXmedia-Photomontage-Royale-Kitchen-After-Apres.jpg\" width=\"1356\" height=\"900\"  title=\"After \/ Apr\u00e8s\" alt=\"\"><\/div>[vc_row_inner css=\u00a0\u00bb.vc_custom_1467661058555{padding-right: 20px !important;padding-left: 20px !important;}\u00a0\u00bb][vc_column_inner][vc_empty_space height=\u00a0\u00bb20px\u00a0\u00bb][vc_custom_heading text=\u00a0\u00bbAjout d&rsquo;ambiance et d&rsquo;\u00e9l\u00e9ments\u00a0\u00bb font_container=\u00a0\u00bbtag:h5|font_size:18|text_align:left\u00a0\u00bb use_theme_fonts=\u00a0\u00bbyes\u00a0\u00bb][\/vc_column_inner][\/vc_row_inner][\/vc_column][\/vc_row][vc_row type=\u00a0\u00bbvc_default\u00a0\u00bb gap=\u00a0\u00bb20&Prime; equal_height=\u00a0\u00bbyes\u00a0\u00bb css=\u00a0\u00bb.vc_custom_1467681430375{margin-right: 5px !important;margin-bottom: 3px !important;margin-left: 5px !important;}\u00a0\u00bb][vc_column width=\u00a0\u00bb1\/2&Prime; css=\u00a0\u00bb.vc_custom_1467688508321{padding-top: 0px !important;padding-right: 0px !important;padding-bottom: 10px !important;padding-left: 0px !important;background-color: #efefef !important;}\u00a0\u00bb]<div class=\"twentytwenty-container\" data-orientation=\"horizontal\" data-offset=\"0.5\"><img loading=\"lazy\" decoding=\"async\" class=\"preload-me\" src=\"https:\/\/dimensionfxmedia.com\/wp-content\/uploads\/2016\/07\/DimensionFXmedia-Photomontage-room-scene-Before-Avant.jpg\" width=\"1356\" height=\"900\"  title=\"Before \/ Avant\" alt=\"\"><img loading=\"lazy\" decoding=\"async\" class=\"preload-me\" src=\"https:\/\/dimensionfxmedia.com\/wp-content\/uploads\/2016\/07\/DimensionFXmedia-Photomontage-room-scene-After-Apres.jpg\" width=\"1356\" height=\"900\"  title=\"After \/ Apr\u00e8s\" alt=\"\"><\/div>[vc_row_inner css=\u00a0\u00bb.vc_custom_1467661099132{padding-right: 20px !important;padding-left: 20px !important;}\u00a0\u00bb][vc_column_inner][vc_empty_space height=\u00a0\u00bb20px\u00a0\u00bb][vc_custom_heading text=\u00a0\u00bbChangement d&rsquo;ambiance\u00a0\u00bb font_container=\u00a0\u00bbtag:h5|font_size:18|text_align:left\u00a0\u00bb use_theme_fonts=\u00a0\u00bbyes\u00a0\u00bb][\/vc_column_inner][\/vc_row_inner][\/vc_column][vc_column width=\u00a0\u00bb1\/2&Prime; css=\u00a0\u00bb.vc_custom_1467689262831{padding-top: 0px !important;padding-right: 0px !important;padding-bottom: 10px !important;padding-left: 0px !important;background-color: #efefef !important;}\u00a0\u00bb]<div class=\"twentytwenty-container\" data-orientation=\"horizontal\" data-offset=\"0.5\"><img loading=\"lazy\" decoding=\"async\" class=\"preload-me\" src=\"https:\/\/dimensionfxmedia.com\/wp-content\/uploads\/2016\/07\/DimensionFXmedia-Photomontage-Royale-Living-Before-Avant.jpg\" width=\"1356\" height=\"900\"  title=\"Before \/ Avant\" alt=\"\"><img loading=\"lazy\" decoding=\"async\" class=\"preload-me\" src=\"https:\/\/dimensionfxmedia.com\/wp-content\/uploads\/2016\/07\/DimensionFXmedia-Photomontage-Royale-Living-After-Apres.jpg\" width=\"1356\" height=\"900\"  title=\"After \/ Apr\u00e8s\" alt=\"\"><\/div>[vc_row_inner css=\u00a0\u00bb.vc_custom_1467660982489{padding-right: 20px !important;padding-left: 20px !important;}\u00a0\u00bb][vc_column_inner][vc_empty_space height=\u00a0\u00bb20px\u00a0\u00bb][vc_custom_heading text=\u00a0\u00bbHDR &amp; ajout d&rsquo;ambiance\u00a0\u00bb font_container=\u00a0\u00bbtag:h5|font_size:18|text_align:left\u00a0\u00bb use_theme_fonts=\u00a0\u00bbyes\u00a0\u00bb][\/vc_column_inner][\/vc_row_inner][\/vc_column][\/vc_row][vc_row type=\u00a0\u00bbvc_default\u00a0\u00bb gap=\u00a0\u00bb20&Prime; equal_height=\u00a0\u00bbyes\u00a0\u00bb css=\u00a0\u00bb.vc_custom_1467681459718{margin-right: 5px !important;margin-bottom: 3px !important;margin-left: 5px !important;}\u00a0\u00bb][vc_column width=\u00a0\u00bb1\/2&Prime; css=\u00a0\u00bb.vc_custom_1467689282325{padding-top: 0px !important;padding-right: 0px !important;padding-bottom: 10px !important;padding-left: 0px !important;background-color: #efefef !important;}\u00a0\u00bb]<div class=\"twentytwenty-container\" data-orientation=\"horizontal\" data-offset=\"0.5\"><img loading=\"lazy\" decoding=\"async\" class=\"preload-me\" src=\"https:\/\/dimensionfxmedia.com\/wp-content\/uploads\/2016\/07\/DimensionFXmedia-Photomontage-Bed-room-Before-Avant.jpg\" width=\"1356\" height=\"900\"  title=\"Before \/ Avant\" alt=\"\"><img loading=\"lazy\" decoding=\"async\" class=\"preload-me\" src=\"https:\/\/dimensionfxmedia.com\/wp-content\/uploads\/2016\/07\/DimensionFXmedia-Photomontage-Bed-room-After-Apres.jpg\" width=\"1356\" height=\"900\"  title=\"After \/ Apr\u00e8s\" alt=\"\"><\/div>[vc_row_inner css=\u00a0\u00bb.vc_custom_1467661058555{padding-right: 20px !important;padding-left: 20px !important;}\u00a0\u00bb][vc_column_inner][vc_empty_space height=\u00a0\u00bb20px\u00a0\u00bb][vc_custom_heading text=\u00a0\u00bbAjout de meubles et de d\u00e9corations\u00a0\u00bb font_container=\u00a0\u00bbtag:h5|font_size:18|text_align:left\u00a0\u00bb use_theme_fonts=\u00a0\u00bbyes\u00a0\u00bb][\/vc_column_inner][\/vc_row_inner][\/vc_column][vc_column width=\u00a0\u00bb1\/2&Prime; css=\u00a0\u00bb.vc_custom_1467689291424{padding-top: 0px !important;padding-right: 0px !important;padding-bottom: 10px !important;padding-left: 0px !important;background-color: #efefef !important;}\u00a0\u00bb]<div class=\"twentytwenty-container\" data-orientation=\"horizontal\" data-offset=\"0.5\"><img loading=\"lazy\" decoding=\"async\" class=\"preload-me\" src=\"https:\/\/dimensionfxmedia.com\/wp-content\/uploads\/2016\/07\/DimensionFXmedia-Photomontage-Giraphe-Before-Avant.jpg\" width=\"1356\" height=\"900\"  title=\"Before \/ Avant\" alt=\"\"><img loading=\"lazy\" decoding=\"async\" class=\"preload-me\" src=\"https:\/\/dimensionfxmedia.com\/wp-content\/uploads\/2016\/07\/DimensionFXmedia-Photomontage-Giraphe-After-Apres.jpg\" width=\"1356\" height=\"900\"  title=\"After \/ Apr\u00e8s\" alt=\"\"><\/div>[vc_row_inner css=\u00a0\u00bb.vc_custom_1467661099132{padding-right: 20px !important;padding-left: 20px !important;}\u00a0\u00bb][vc_column_inner][vc_empty_space height=\u00a0\u00bb20px\u00a0\u00bb][vc_custom_heading text=\u00a0\u00bbChangement d&rsquo;arri\u00e8re plan et du temps\u00a0\u00bb font_container=\u00a0\u00bbtag:h5|font_size:18|text_align:left\u00a0\u00bb use_theme_fonts=\u00a0\u00bbyes\u00a0\u00bb][\/vc_column_inner][\/vc_row_inner][\/vc_column][\/vc_row][vc_row type=\u00a0\u00bbvc_default\u00a0\u00bb gap=\u00a0\u00bb20&Prime; equal_height=\u00a0\u00bbyes\u00a0\u00bb css=\u00a0\u00bb.vc_custom_1467681442548{margin-right: 5px !important;margin-bottom: 3px !important;margin-left: 5px !important;}\u00a0\u00bb][vc_column width=\u00a0\u00bb1\/2&Prime; css=\u00a0\u00bb.vc_custom_1467689310002{padding-top: 0px !important;padding-right: 0px !important;padding-bottom: 10px !important;padding-left: 0px !important;background-color: #efefef !important;}\u00a0\u00bb]<div class=\"twentytwenty-container\" data-orientation=\"horizontal\" data-offset=\"0.5\"><img loading=\"lazy\" decoding=\"async\" class=\"preload-me\" src=\"https:\/\/dimensionfxmedia.com\/wp-content\/uploads\/2016\/07\/DimensionFXmedia-Photomontage-Blue-Ice-Before-Avant.jpg\" width=\"1356\" height=\"900\"  title=\"Before \/ Avant\" alt=\"\"><img loading=\"lazy\" decoding=\"async\" class=\"preload-me\" src=\"https:\/\/dimensionfxmedia.com\/wp-content\/uploads\/2016\/07\/DimensionFXmedia-Photomontage-Blue-Ice-After-Apres.jpg\" width=\"1356\" height=\"900\"  title=\"After \/ Apr\u00e8s\" alt=\"\"><\/div>[vc_row_inner css=\u00a0\u00bb.vc_custom_1467660982489{padding-right: 20px !important;padding-left: 20px !important;}\u00a0\u00bb][vc_column_inner][vc_empty_space height=\u00a0\u00bb20px\u00a0\u00bb][vc_custom_heading text=\u00a0\u00bbAjout d&rsquo;\u00e9l\u00e9ments &amp; transparence\u00a0\u00bb font_container=\u00a0\u00bbtag:h5|font_size:18|text_align:left\u00a0\u00bb use_theme_fonts=\u00a0\u00bbyes\u00a0\u00bb][\/vc_column_inner][\/vc_row_inner][\/vc_column][vc_column width=\u00a0\u00bb1\/2&Prime; css=\u00a0\u00bb.vc_custom_1467689318169{padding-top: 0px !important;padding-right: 0px !important;padding-bottom: 10px !important;padding-left: 0px !important;background-color: #efefef !important;}\u00a0\u00bb]<div class=\"twentytwenty-container\" data-orientation=\"horizontal\" data-offset=\"0.5\"><img loading=\"lazy\" decoding=\"async\" class=\"preload-me\" src=\"https:\/\/dimensionfxmedia.com\/wp-content\/uploads\/2016\/06\/DimensionFXmedia-Photomontage-Black-Chair-Before-Avant.jpg\" width=\"1356\" height=\"900\"  title=\"Before-Avant\" alt=\"\"><img loading=\"lazy\" decoding=\"async\" class=\"preload-me\" src=\"https:\/\/dimensionfxmedia.com\/wp-content\/uploads\/2016\/06\/DimensionFXmedia-Photomontage-Black-Chair-After-Apres.jpg\" width=\"1356\" height=\"900\"  title=\"After-Apres\" alt=\"\"><\/div>[vc_row_inner css=\u00a0\u00bb.vc_custom_1467661058555{padding-right: 20px !important;padding-left: 20px !important;}\u00a0\u00bb][vc_column_inner][vc_empty_space height=\u00a0\u00bb20px\u00a0\u00bb][vc_custom_heading text=\u00a0\u00bbChangement de couleur &amp; arri\u00e8re plan\u00a0\u00bb font_container=\u00a0\u00bbtag:h5|font_size:18|text_align:left\u00a0\u00bb use_theme_fonts=\u00a0\u00bbyes\u00a0\u00bb][\/vc_column_inner][\/vc_row_inner][\/vc_column][\/vc_row][vc_row type=\u00a0\u00bbvc_default\u00a0\u00bb gap=\u00a0\u00bb20&Prime; equal_height=\u00a0\u00bbyes\u00a0\u00bb css=\u00a0\u00bb.vc_custom_1467681442548{margin-right: 5px !important;margin-bottom: 3px !important;margin-left: 5px !important;}\u00a0\u00bb][vc_column width=\u00a0\u00bb1\/2&Prime; css=\u00a0\u00bb.vc_custom_1467689310002{padding-top: 0px !important;padding-right: 0px !important;padding-bottom: 10px !important;padding-left: 0px !important;background-color: #efefef !important;}\u00a0\u00bb]<div class=\"twentytwenty-container\" data-orientation=\"horizontal\" data-offset=\"0.5\"><img loading=\"lazy\" decoding=\"async\" class=\"preload-me\" src=\"https:\/\/dimensionfxmedia.com\/wp-content\/uploads\/2016\/07\/DimensionFXmedia-Photomontage-Wedding-Adds-Before-Avant.jpg\" width=\"1356\" height=\"900\"  title=\"Before \/ Avant\" alt=\"\"><img loading=\"lazy\" decoding=\"async\" class=\"preload-me\" src=\"https:\/\/dimensionfxmedia.com\/wp-content\/uploads\/2016\/07\/DimensionFXmedia-Photomontage-Wedding-Adds-After-Apres.jpg\" width=\"1356\" height=\"900\"  title=\"After \/ Apr\u00e8s\" alt=\"\"><\/div>[vc_row_inner css=\u00a0\u00bb.vc_custom_1467661099132{padding-right: 20px !important;padding-left: 20px !important;}\u00a0\u00bb][vc_column_inner][vc_empty_space height=\u00a0\u00bb20px\u00a0\u00bb][vc_custom_heading text=\u00a0\u00bbChangement d&rsquo;\u00e9l\u00e9ments &amp; balance des blancs\u00a0\u00bb font_container=\u00a0\u00bbtag:h5|font_size:18|text_align:left\u00a0\u00bb use_theme_fonts=\u00a0\u00bbyes\u00a0\u00bb][\/vc_column_inner][\/vc_row_inner][\/vc_column][vc_column width=\u00a0\u00bb1\/2&Prime; css=\u00a0\u00bb.vc_custom_1467689318169{padding-top: 0px !important;padding-right: 0px !important;padding-bottom: 10px !important;padding-left: 0px !important;background-color: #efefef !important;}\u00a0\u00bb]<div class=\"twentytwenty-container\" data-orientation=\"horizontal\" data-offset=\"0.5\"><img loading=\"lazy\" decoding=\"async\" class=\"preload-me\" src=\"https:\/\/dimensionfxmedia.com\/wp-content\/uploads\/2016\/07\/DimensionFXmedia-Photomontage-Fun-Before-Avant.jpg\" width=\"1356\" height=\"900\"  title=\"Before \/ Avant\" alt=\"\"><img loading=\"lazy\" decoding=\"async\" class=\"preload-me\" src=\"https:\/\/dimensionfxmedia.com\/wp-content\/uploads\/2016\/07\/DimensionFXmedia-Photomontage-Fun-After-Apres.jpg\" width=\"1356\" height=\"900\"  title=\"After \/ Apr\u00e8s\" alt=\"\"><\/div>[vc_row_inner css=\u00a0\u00bb.vc_custom_1467660982489{padding-right: 20px !important;padding-left: 20px !important;}\u00a0\u00bb][vc_column_inner][vc_empty_space height=\u00a0\u00bb20px\u00a0\u00bb][vc_custom_heading text=\u00a0\u00bbAjout d&rsquo;effet d&rsquo;eau\u00a0\u00bb font_container=\u00a0\u00bbtag:h5|font_size:18|text_align:left\u00a0\u00bb use_theme_fonts=\u00a0\u00bbyes\u00a0\u00bb][\/vc_column_inner][\/vc_row_inner][\/vc_column][\/vc_row][vc_row type=\u00a0\u00bbvc_default\u00a0\u00bb gap=\u00a0\u00bb20&Prime; equal_height=\u00a0\u00bbyes\u00a0\u00bb css=\u00a0\u00bb.vc_custom_1467681459718{margin-right: 5px !important;margin-bottom: 3px !important;margin-left: 5px !important;}\u00a0\u00bb][vc_column width=\u00a0\u00bb1\/2&Prime; css=\u00a0\u00bb.vc_custom_1467689335835{padding-top: 0px !important;padding-right: 0px !important;padding-bottom: 10px !important;padding-left: 0px !important;background-color: #efefef !important;}\u00a0\u00bb]<div class=\"twentytwenty-container\" data-orientation=\"horizontal\" data-offset=\"0.5\"><img loading=\"lazy\" decoding=\"async\" class=\"preload-me\" src=\"https:\/\/dimensionfxmedia.com\/wp-content\/uploads\/2016\/07\/DimensionFXmedia-Photomontage-Lens-effect-Before-Avant.jpg\" width=\"1356\" height=\"900\"  title=\"Before \/ Avant\" alt=\"\"><img loading=\"lazy\" decoding=\"async\" class=\"preload-me\" src=\"https:\/\/dimensionfxmedia.com\/wp-content\/uploads\/2016\/07\/DimensionFXmedia-Photomontage-Lens-effect-After-Apres.jpg\" width=\"1356\" height=\"900\"  title=\"After \/ Apr\u00e8s\" alt=\"\"><\/div>[vc_row_inner css=\u00a0\u00bb.vc_custom_1467661058555{padding-right: 20px !important;padding-left: 20px !important;}\u00a0\u00bb][vc_column_inner][vc_empty_space height=\u00a0\u00bb20px\u00a0\u00bb][vc_custom_heading text=\u00a0\u00bbAjout d&rsquo;effets de lentille\u00a0\u00bb font_container=\u00a0\u00bbtag:h5|font_size:18|text_align:left\u00a0\u00bb use_theme_fonts=\u00a0\u00bbyes\u00a0\u00bb][\/vc_column_inner][\/vc_row_inner][\/vc_column][vc_column width=\u00a0\u00bb1\/2&Prime; css=\u00a0\u00bb.vc_custom_1467689344153{padding-top: 0px !important;padding-right: 0px !important;padding-bottom: 10px !important;padding-left: 0px !important;background-color: #efefef !important;}\u00a0\u00bb]<div class=\"twentytwenty-container\" data-orientation=\"horizontal\" data-offset=\"0.5\"><img loading=\"lazy\" decoding=\"async\" class=\"preload-me\" src=\"https:\/\/dimensionfxmedia.com\/wp-content\/uploads\/2016\/07\/DimensionFXmedia-Photomontage-Zoom-Effect-Before-Avant.jpg\" width=\"1356\" height=\"900\"  title=\"Before \/ Avant\" alt=\"\"><img loading=\"lazy\" decoding=\"async\" class=\"preload-me\" src=\"https:\/\/dimensionfxmedia.com\/wp-content\/uploads\/2016\/07\/DimensionFXmedia-Photomontage-Zoom-Effect-After-Apres.jpg\" width=\"1356\" height=\"900\"  title=\"After \/ Apr\u00e8s\" alt=\"\"><\/div>[vc_row_inner css=\u00a0\u00bb.vc_custom_1467661099132{padding-right: 20px !important;padding-left: 20px !important;}\u00a0\u00bb][vc_column_inner][vc_empty_space height=\u00a0\u00bb20px\u00a0\u00bb][vc_custom_heading text=\u00a0\u00bbAjout d&rsquo;effets de zoom\u00a0\u00bb font_container=\u00a0\u00bbtag:h5|font_size:18|text_align:left\u00a0\u00bb use_theme_fonts=\u00a0\u00bbyes\u00a0\u00bb][\/vc_column_inner][\/vc_row_inner][\/vc_column][\/vc_row]<\/p>\n<\/div>","protected":false},"excerpt":{"rendered":"<p>[vc_row][vc_column][vc_column_text] Ayez une image exceptionnelle avec montage photo professionnel! Il est souvent difficile, voire impossible, de prendre l\u2019image parfaite dans son contexte. Le photomontage est la solution pour obtenir une image spectaculaire. Pour d\u00e9placer ou ajouter un objet, mettre du cachet et des effets, modifier des d\u00e9cors ou am\u00e9liorer l\u2019aspect visuel d\u2019une photographie, le photomontage&hellip;<\/p>\n","protected":false},"author":1,"featured_media":0,"parent":0,"menu_order":34,"comment_status":"closed","ping_status":"closed","template":"","meta":{"footnotes":""},"_links":{"self":[{"href":"https:\/\/dimensionfxmedia.com\/fr\/wp-json\/wp\/v2\/pages\/3651"}],"collection":[{"href":"https:\/\/dimensionfxmedia.com\/fr\/wp-json\/wp\/v2\/pages"}],"about":[{"href":"https:\/\/dimensionfxmedia.com\/fr\/wp-json\/wp\/v2\/types\/page"}],"author":[{"embeddable":true,"href":"https:\/\/dimensionfxmedia.com\/fr\/wp-json\/wp\/v2\/users\/1"}],"replies":[{"embeddable":true,"href":"https:\/\/dimensionfxmedia.com\/fr\/wp-json\/wp\/v2\/comments?post=3651"}],"version-history":[{"count":3,"href":"https:\/\/dimensionfxmedia.com\/fr\/wp-json\/wp\/v2\/pages\/3651\/revisions"}],"predecessor-version":[{"id":3770,"href":"https:\/\/dimensionfxmedia.com\/fr\/wp-json\/wp\/v2\/pages\/3651\/revisions\/3770"}],"wp:attachment":[{"href":"https:\/\/dimensionfxmedia.com\/fr\/wp-json\/wp\/v2\/media?parent=3651"}],"curies":[{"name":"wp","href":"https:\/\/api.w.org\/{rel}","templated":true}]}}