{"id":3650,"date":"2016-06-29T00:32:41","date_gmt":"2016-06-29T04:32:41","guid":{"rendered":"http:\/\/dimensionfxmedia.com\/fr\/photography\/"},"modified":"2022-10-04T15:01:57","modified_gmt":"2022-10-04T19:01:57","slug":"photographie","status":"publish","type":"page","link":"https:\/\/dimensionfxmedia.com\/fr\/photographie\/","title":{"rendered":"Portfolio | Photographie"},"content":{"rendered":"<div class=\"wpb-content-wrapper\"><p>[vc_row][vc_column][vc_column_text]<\/p>\n<h3 style=\"text-align: center;\">Ayez une image exceptionnelle avec des photographes professionnels!<\/h3>\n<p style=\"text-align: center;\">Une photo vaut mille mots! Une photographie professionnelle met en valeur l\u2019image et fait vendre. Pour des photographies de produits, commerciales, corporatives, d\u2019\u00e9v\u00e9nements, de portraits, d\u2019architecture ou de tourisme, Dimension FX Media vous surprendra avec sa qualit\u00e9. Que ce soit dans nos studios ou en d\u00e9placement, notre service de photographie professionnelle saura d\u00e9passer vos attentes.<\/p>\n<p>[\/vc_column_text][vc_empty_space][vc_separator][vc_empty_space][\/vc_column][\/vc_row]<\/p>\n<\/div>","protected":false},"excerpt":{"rendered":"<p>[vc_row][vc_column][vc_column_text] Ayez une image exceptionnelle avec des photographes professionnels! Une photo vaut mille mots! Une photographie professionnelle met en valeur l\u2019image et fait vendre. Pour des photographies de produits, commerciales, corporatives, d\u2019\u00e9v\u00e9nements, de portraits, d\u2019architecture ou de tourisme, Dimension FX Media vous surprendra avec sa qualit\u00e9. Que ce soit dans nos studios ou en d\u00e9placement,&hellip;<\/p>\n","protected":false},"author":1,"featured_media":0,"parent":0,"menu_order":32,"comment_status":"closed","ping_status":"closed","template":"template-albums.php","meta":{"footnotes":""},"_links":{"self":[{"href":"https:\/\/dimensionfxmedia.com\/fr\/wp-json\/wp\/v2\/pages\/3650"}],"collection":[{"href":"https:\/\/dimensionfxmedia.com\/fr\/wp-json\/wp\/v2\/pages"}],"about":[{"href":"https:\/\/dimensionfxmedia.com\/fr\/wp-json\/wp\/v2\/types\/page"}],"author":[{"embeddable":true,"href":"https:\/\/dimensionfxmedia.com\/fr\/wp-json\/wp\/v2\/users\/1"}],"replies":[{"embeddable":true,"href":"https:\/\/dimensionfxmedia.com\/fr\/wp-json\/wp\/v2\/comments?post=3650"}],"version-history":[{"count":4,"href":"https:\/\/dimensionfxmedia.com\/fr\/wp-json\/wp\/v2\/pages\/3650\/revisions"}],"predecessor-version":[{"id":3709,"href":"https:\/\/dimensionfxmedia.com\/fr\/wp-json\/wp\/v2\/pages\/3650\/revisions\/3709"}],"wp:attachment":[{"href":"https:\/\/dimensionfxmedia.com\/fr\/wp-json\/wp\/v2\/media?parent=3650"}],"curies":[{"name":"wp","href":"https:\/\/api.w.org\/{rel}","templated":true}]}}