{"id":3648,"date":"2016-07-19T20:08:32","date_gmt":"2016-07-19T20:08:32","guid":{"rendered":"http:\/\/dimensionfxmedia.com\/fr\/services\/service-web\/"},"modified":"2016-11-09T18:23:37","modified_gmt":"2016-11-09T18:23:37","slug":"service-web","status":"publish","type":"page","link":"https:\/\/dimensionfxmedia.com\/fr\/services\/service-web\/","title":{"rendered":"Service | Web"},"content":{"rendered":"<div class=\"wpb-content-wrapper\"><p>[vc_row][vc_column width=\u00a0\u00bb1\/2&Prime;][vc_custom_heading text=\u00a0\u00bbServices Web \u00a0\u00bb font_container=\u00a0\u00bbtag:h5|text_align:left\u00a0\u00bb use_theme_fonts=\u00a0\u00bbyes\u00a0\u00bb][vc_column_text]<\/p>\n<p style=\"text-align: justify;\">Pour une cr\u00e9ation de site web personnalis\u00e9, du commerce \u00e9lectronique, des banni\u00e8res anim\u00e9es, des r\u00e9seaux sociaux \u00e0 votre image, du r\u00e9f\u00e9rencement (SEO), d&rsquo;une mise \u00e0 jour, de r\u00e9servation de nom de domaine ou d&rsquo;h\u00e9bergement, Dimension FX Media est en mesure de vous aider \u00e0 augmenter votre visibilit\u00e9. Avec les technologies multim\u00e9dias qui \u00e9voluent rapidement, soyez assur\u00e9 que vous serez accessible de partout.<\/p>\n<p>[\/vc_column_text][\/vc_column][vc_column width=\u00a0\u00bb1\/2&Prime;][vc_video link=\u00a0\u00bbhttp:\/\/vimeo.com\/75591050&Prime;][vc_column_text]<\/p>\n<p style=\"text-align: right;\"><a href=\"http:\/\/dimensionfxmedia.com\/fr\/portfolio\/web\/\" class=\"btn-shortcode dt-btn-s dt-btn default-btn-color default-btn-hover-color default-btn-bg-color default-btn-bg-hover-color fadeIn animate-element animation-builder ico-right-side\" id=\"dt-btn-1\"><span>Voir le portfolio<\/span><i class=\"fa fa-chevron-right\"><\/i><\/a><\/p>\n<p>[\/vc_column_text][\/vc_column][\/vc_row][vc_row][vc_column][vc_separator][vc_empty_space][\/vc_column][\/vc_row][vc_row][vc_column][vc_column_text]Plus d&rsquo;information \u00e0 venir&#8230;[\/vc_column_text][\/vc_column][\/vc_row][vc_row][vc_column][vc_empty_space][vc_separator][\/vc_column][\/vc_row]<\/p>\n<\/div>","protected":false},"excerpt":{"rendered":"<p>[vc_row][vc_column width=\u00a0\u00bb1\/2&Prime;][vc_custom_heading text=\u00a0\u00bbServices Web \u00a0\u00bb font_container=\u00a0\u00bbtag:h5|text_align:left\u00a0\u00bb use_theme_fonts=\u00a0\u00bbyes\u00a0\u00bb][vc_column_text] Pour une cr\u00e9ation de site web personnalis\u00e9, du commerce \u00e9lectronique, des banni\u00e8res anim\u00e9es, des r\u00e9seaux sociaux \u00e0 votre image, du r\u00e9f\u00e9rencement (SEO), d&rsquo;une mise \u00e0 jour, de r\u00e9servation de nom de domaine ou d&rsquo;h\u00e9bergement, Dimension FX Media est en mesure de vous aider \u00e0 augmenter votre visibilit\u00e9. Avec&hellip;<\/p>\n","protected":false},"author":1,"featured_media":0,"parent":3642,"menu_order":0,"comment_status":"closed","ping_status":"closed","template":"","meta":{"footnotes":""},"_links":{"self":[{"href":"https:\/\/dimensionfxmedia.com\/fr\/wp-json\/wp\/v2\/pages\/3648"}],"collection":[{"href":"https:\/\/dimensionfxmedia.com\/fr\/wp-json\/wp\/v2\/pages"}],"about":[{"href":"https:\/\/dimensionfxmedia.com\/fr\/wp-json\/wp\/v2\/types\/page"}],"author":[{"embeddable":true,"href":"https:\/\/dimensionfxmedia.com\/fr\/wp-json\/wp\/v2\/users\/1"}],"replies":[{"embeddable":true,"href":"https:\/\/dimensionfxmedia.com\/fr\/wp-json\/wp\/v2\/comments?post=3648"}],"version-history":[{"count":4,"href":"https:\/\/dimensionfxmedia.com\/fr\/wp-json\/wp\/v2\/pages\/3648\/revisions"}],"predecessor-version":[{"id":3887,"href":"https:\/\/dimensionfxmedia.com\/fr\/wp-json\/wp\/v2\/pages\/3648\/revisions\/3887"}],"up":[{"embeddable":true,"href":"https:\/\/dimensionfxmedia.com\/fr\/wp-json\/wp\/v2\/pages\/3642"}],"wp:attachment":[{"href":"https:\/\/dimensionfxmedia.com\/fr\/wp-json\/wp\/v2\/media?parent=3648"}],"curies":[{"name":"wp","href":"https:\/\/api.w.org\/{rel}","templated":true}]}}