{"id":3647,"date":"2016-07-19T20:29:58","date_gmt":"2016-07-19T20:29:58","guid":{"rendered":"http:\/\/dimensionfxmedia.com\/fr\/services\/service-video\/"},"modified":"2016-11-09T18:30:06","modified_gmt":"2016-11-09T18:30:06","slug":"service-video","status":"publish","type":"page","link":"https:\/\/dimensionfxmedia.com\/fr\/services\/service-video\/","title":{"rendered":"Service | Vid\u00e9o"},"content":{"rendered":"<div class=\"wpb-content-wrapper\"><p>[vc_row][vc_column width=\u00a0\u00bb1\/2&Prime;][vc_custom_heading text=\u00a0\u00bbServices vid\u00e9o\u00a0\u00bb font_container=\u00a0\u00bbtag:h5|text_align:left\u00a0\u00bb use_theme_fonts=\u00a0\u00bbyes\u00a0\u00bb][vc_column_text]<\/p>\n<p style=\"text-align: justify;\">Avec la prolif\u00e9ration des r\u00e9seaux sociaux, c\u2019est maintenant un incontournable de pr\u00e9senter son image par la vid\u00e9o. La vid\u00e9o sur internet est facile \u00e0 distribuer et rejoint un large public. Elle peut m\u00eame devenir virale! Pour une pr\u00e9sentation corporative convaincante, une campagne promotionnelle, un photomontage original, Dimension FX Media offre des services vid\u00e9os professionnels.<\/p>\n<p>[\/vc_column_text][\/vc_column][vc_column width=\u00a0\u00bb1\/2&Prime;][vc_video link=\u00a0\u00bbhttp:\/\/vimeo.com\/75616052&Prime;][vc_column_text]<\/p>\n<p style=\"text-align: right;\"><a href=\"http:\/\/dimensionfxmedia.com\/fr\/portfolio\/video\/\" class=\"btn-shortcode dt-btn-s dt-btn default-btn-color default-btn-hover-color default-btn-bg-color default-btn-bg-hover-color fadeIn animate-element animation-builder ico-right-side\" id=\"dt-btn-1\"><span>Voir le portfolio<\/span><i class=\"fa fa-chevron-right\"><\/i><\/a><\/p>\n<p>[\/vc_column_text][\/vc_column][\/vc_row][vc_row][vc_column][vc_separator][vc_empty_space][\/vc_column][\/vc_row][vc_row][vc_column][vc_column_text]Plus d&rsquo;information \u00e0 venir&#8230;[\/vc_column_text][\/vc_column][\/vc_row][vc_row][vc_column][vc_empty_space][vc_separator][\/vc_column][\/vc_row]<\/p>\n<\/div>","protected":false},"excerpt":{"rendered":"<p>[vc_row][vc_column width=\u00a0\u00bb1\/2&Prime;][vc_custom_heading text=\u00a0\u00bbServices vid\u00e9o\u00a0\u00bb font_container=\u00a0\u00bbtag:h5|text_align:left\u00a0\u00bb use_theme_fonts=\u00a0\u00bbyes\u00a0\u00bb][vc_column_text] Avec la prolif\u00e9ration des r\u00e9seaux sociaux, c\u2019est maintenant un incontournable de pr\u00e9senter son image par la vid\u00e9o. La vid\u00e9o sur internet est facile \u00e0 distribuer et rejoint un large public. Elle peut m\u00eame devenir virale! Pour une pr\u00e9sentation corporative convaincante, une campagne promotionnelle, un photomontage original, Dimension FX Media&hellip;<\/p>\n","protected":false},"author":1,"featured_media":0,"parent":3642,"menu_order":0,"comment_status":"closed","ping_status":"closed","template":"","meta":{"footnotes":""},"_links":{"self":[{"href":"https:\/\/dimensionfxmedia.com\/fr\/wp-json\/wp\/v2\/pages\/3647"}],"collection":[{"href":"https:\/\/dimensionfxmedia.com\/fr\/wp-json\/wp\/v2\/pages"}],"about":[{"href":"https:\/\/dimensionfxmedia.com\/fr\/wp-json\/wp\/v2\/types\/page"}],"author":[{"embeddable":true,"href":"https:\/\/dimensionfxmedia.com\/fr\/wp-json\/wp\/v2\/users\/1"}],"replies":[{"embeddable":true,"href":"https:\/\/dimensionfxmedia.com\/fr\/wp-json\/wp\/v2\/comments?post=3647"}],"version-history":[{"count":5,"href":"https:\/\/dimensionfxmedia.com\/fr\/wp-json\/wp\/v2\/pages\/3647\/revisions"}],"predecessor-version":[{"id":3889,"href":"https:\/\/dimensionfxmedia.com\/fr\/wp-json\/wp\/v2\/pages\/3647\/revisions\/3889"}],"up":[{"embeddable":true,"href":"https:\/\/dimensionfxmedia.com\/fr\/wp-json\/wp\/v2\/pages\/3642"}],"wp:attachment":[{"href":"https:\/\/dimensionfxmedia.com\/fr\/wp-json\/wp\/v2\/media?parent=3647"}],"curies":[{"name":"wp","href":"https:\/\/api.w.org\/{rel}","templated":true}]}}