{"id":3646,"date":"2016-07-19T20:35:07","date_gmt":"2016-07-19T20:35:07","guid":{"rendered":"http:\/\/dimensionfxmedia.com\/fr\/services\/service-photomontage\/"},"modified":"2016-11-08T21:56:31","modified_gmt":"2016-11-08T21:56:31","slug":"service-photomontage","status":"publish","type":"page","link":"https:\/\/dimensionfxmedia.com\/fr\/services\/service-photomontage\/","title":{"rendered":"Service | Photomontage"},"content":{"rendered":"<div class=\"wpb-content-wrapper\"><p>[vc_row][vc_column width=\u00a0\u00bb1\/2&Prime;][vc_custom_heading text=\u00a0\u00bbServices photomontage \u00a0\u00bb font_container=\u00a0\u00bbtag:h5|text_align:left\u00a0\u00bb use_theme_fonts=\u00a0\u00bbyes\u00a0\u00bb][vc_column_text]<\/p>\n<p style=\"text-align: justify;\">Il est souvent difficile, voire impossible, de prendre l\u2019image parfaite dans son contexte. Le photomontage est la solution pour obtenir une image spectaculaire. Pour d\u00e9placer ou ajouter un objet, mettre du cachet et des effets, modifier des d\u00e9cors ou am\u00e9liorer l\u2019aspect visuel d\u2019une photographie, le photomontage est la r\u00e9ponse. Parcourez nos r\u00e9alisations et vous serez impressionn\u00e9s!<\/p>\n<p>[\/vc_column_text][\/vc_column][vc_column width=\u00a0\u00bb1\/2&Prime;]<div class=\"twentytwenty-container\" data-orientation=\"horizontal\" data-offset=\"0.5\"><img loading=\"lazy\" decoding=\"async\" class=\"preload-me\" src=\"https:\/\/dimensionfxmedia.com\/wp-content\/uploads\/2016\/08\/DimensionFXmedia-Photomontage-Royale-Before-Avant-400.jpg\" width=\"603\" height=\"400\"  alt=\"\"><img loading=\"lazy\" decoding=\"async\" class=\"preload-me\" src=\"https:\/\/dimensionfxmedia.com\/wp-content\/uploads\/2016\/08\/DimensionFXmedia-Photomontage-Royale-After-Apres-400.jpg\" width=\"603\" height=\"400\"  alt=\"\"><\/div>[vc_empty_space][vc_column_text]<\/p>\n<p style=\"text-align: right;\"><a href=\"http:\/\/dimensionfxmedia.com\/fr\/portfolio\/photomontage\/\" class=\"btn-shortcode dt-btn-s dt-btn default-btn-color default-btn-hover-color default-btn-bg-color default-btn-bg-hover-color fadeIn animate-element animation-builder ico-right-side\" id=\"dt-btn-1\"><span>Voir le portfolio<\/span><i class=\"fa fa-chevron-right\"><\/i><\/a><\/p>\n<p>[\/vc_column_text][\/vc_column][\/vc_row][vc_row][vc_column][vc_separator][vc_empty_space][\/vc_column][\/vc_row][vc_row][vc_column][vc_column_text]Plus d&rsquo;information \u00e0 venir&#8230;[\/vc_column_text][\/vc_column][\/vc_row][vc_row][vc_column][vc_empty_space][vc_separator][\/vc_column][\/vc_row]<\/p>\n<\/div>","protected":false},"excerpt":{"rendered":"<p>[vc_row][vc_column width=\u00a0\u00bb1\/2&Prime;][vc_custom_heading text=\u00a0\u00bbServices photomontage \u00a0\u00bb font_container=\u00a0\u00bbtag:h5|text_align:left\u00a0\u00bb use_theme_fonts=\u00a0\u00bbyes\u00a0\u00bb][vc_column_text] Il est souvent difficile, voire impossible, de prendre l\u2019image parfaite dans son contexte. Le photomontage est la solution pour obtenir une image spectaculaire. Pour d\u00e9placer ou ajouter un objet, mettre du cachet et des effets, modifier des d\u00e9cors ou am\u00e9liorer l\u2019aspect visuel d\u2019une photographie, le photomontage est la&hellip;<\/p>\n","protected":false},"author":1,"featured_media":0,"parent":3642,"menu_order":0,"comment_status":"closed","ping_status":"closed","template":"","meta":{"footnotes":""},"_links":{"self":[{"href":"https:\/\/dimensionfxmedia.com\/fr\/wp-json\/wp\/v2\/pages\/3646"}],"collection":[{"href":"https:\/\/dimensionfxmedia.com\/fr\/wp-json\/wp\/v2\/pages"}],"about":[{"href":"https:\/\/dimensionfxmedia.com\/fr\/wp-json\/wp\/v2\/types\/page"}],"author":[{"embeddable":true,"href":"https:\/\/dimensionfxmedia.com\/fr\/wp-json\/wp\/v2\/users\/1"}],"replies":[{"embeddable":true,"href":"https:\/\/dimensionfxmedia.com\/fr\/wp-json\/wp\/v2\/comments?post=3646"}],"version-history":[{"count":3,"href":"https:\/\/dimensionfxmedia.com\/fr\/wp-json\/wp\/v2\/pages\/3646\/revisions"}],"predecessor-version":[{"id":3840,"href":"https:\/\/dimensionfxmedia.com\/fr\/wp-json\/wp\/v2\/pages\/3646\/revisions\/3840"}],"up":[{"embeddable":true,"href":"https:\/\/dimensionfxmedia.com\/fr\/wp-json\/wp\/v2\/pages\/3642"}],"wp:attachment":[{"href":"https:\/\/dimensionfxmedia.com\/fr\/wp-json\/wp\/v2\/media?parent=3646"}],"curies":[{"name":"wp","href":"https:\/\/api.w.org\/{rel}","templated":true}]}}