{"id":3645,"date":"2016-07-19T20:23:12","date_gmt":"2016-07-19T20:23:12","guid":{"rendered":"http:\/\/dimensionfxmedia.com\/fr\/services\/service-photography\/"},"modified":"2016-11-09T18:31:46","modified_gmt":"2016-11-09T18:31:46","slug":"service-photographie","status":"publish","type":"page","link":"https:\/\/dimensionfxmedia.com\/fr\/services\/service-photographie\/","title":{"rendered":"Service | Photographie"},"content":{"rendered":"<div class=\"wpb-content-wrapper\"><p>[vc_row][vc_column width=\u00a0\u00bb1\/2&Prime;][vc_custom_heading text=\u00a0\u00bbService photographie\u00a0\u00bb font_container=\u00a0\u00bbtag:h5|text_align:left\u00a0\u00bb use_theme_fonts=\u00a0\u00bbyes\u00a0\u00bb][vc_column_text]<\/p>\n<p style=\"text-align: justify;\">Une photo vaut mille mots! Une photographie professionnelle met en valeur l\u2019image et fait vendre. Pour des photographies de produits, commerciales, corporatives, d\u2019\u00e9v\u00e9nements, de portraits, d\u2019architecture ou de tourisme, Dimension FX Media vous surprendra avec sa qualit\u00e9. Que ce soit dans nos studios ou en d\u00e9placement, notre service de photographie professionnelle saura d\u00e9passer vos attentes.<\/p>\n<p>[\/vc_column_text][\/vc_column][vc_column width=\u00a0\u00bb1\/2&Prime;][vc_video link=\u00a0\u00bbhttp:\/\/vimeo.com\/75596137&Prime;][vc_column_text]<\/p>\n<p style=\"text-align: right;\"><a href=\"http:\/\/dimensionfxmedia.com\/fr\/portfolio\/photographie\/\" class=\"btn-shortcode dt-btn-s dt-btn default-btn-color default-btn-hover-color default-btn-bg-color default-btn-bg-hover-color fadeIn animate-element animation-builder ico-right-side\" id=\"dt-btn-1\"><span>Voir le portfolio<\/span><i class=\"fa fa-chevron-right\"><\/i><\/a><\/p>\n<p>[\/vc_column_text][\/vc_column][\/vc_row][vc_row][vc_column][vc_separator][vc_empty_space][\/vc_column][\/vc_row][vc_row][vc_column][vc_column_text]Plus d&rsquo;information \u00e0 venir&#8230;[\/vc_column_text][\/vc_column][\/vc_row][vc_row][vc_column][vc_empty_space][vc_separator][\/vc_column][\/vc_row]<\/p>\n<\/div>","protected":false},"excerpt":{"rendered":"<p>[vc_row][vc_column width=\u00a0\u00bb1\/2&Prime;][vc_custom_heading text=\u00a0\u00bbService photographie\u00a0\u00bb font_container=\u00a0\u00bbtag:h5|text_align:left\u00a0\u00bb use_theme_fonts=\u00a0\u00bbyes\u00a0\u00bb][vc_column_text] Une photo vaut mille mots! Une photographie professionnelle met en valeur l\u2019image et fait vendre. Pour des photographies de produits, commerciales, corporatives, d\u2019\u00e9v\u00e9nements, de portraits, d\u2019architecture ou de tourisme, Dimension FX Media vous surprendra avec sa qualit\u00e9. Que ce soit dans nos studios ou en d\u00e9placement, notre service de&hellip;<\/p>\n","protected":false},"author":1,"featured_media":0,"parent":3642,"menu_order":0,"comment_status":"closed","ping_status":"closed","template":"","meta":{"footnotes":""},"_links":{"self":[{"href":"https:\/\/dimensionfxmedia.com\/fr\/wp-json\/wp\/v2\/pages\/3645"}],"collection":[{"href":"https:\/\/dimensionfxmedia.com\/fr\/wp-json\/wp\/v2\/pages"}],"about":[{"href":"https:\/\/dimensionfxmedia.com\/fr\/wp-json\/wp\/v2\/types\/page"}],"author":[{"embeddable":true,"href":"https:\/\/dimensionfxmedia.com\/fr\/wp-json\/wp\/v2\/users\/1"}],"replies":[{"embeddable":true,"href":"https:\/\/dimensionfxmedia.com\/fr\/wp-json\/wp\/v2\/comments?post=3645"}],"version-history":[{"count":5,"href":"https:\/\/dimensionfxmedia.com\/fr\/wp-json\/wp\/v2\/pages\/3645\/revisions"}],"predecessor-version":[{"id":3890,"href":"https:\/\/dimensionfxmedia.com\/fr\/wp-json\/wp\/v2\/pages\/3645\/revisions\/3890"}],"up":[{"embeddable":true,"href":"https:\/\/dimensionfxmedia.com\/fr\/wp-json\/wp\/v2\/pages\/3642"}],"wp:attachment":[{"href":"https:\/\/dimensionfxmedia.com\/fr\/wp-json\/wp\/v2\/media?parent=3645"}],"curies":[{"name":"wp","href":"https:\/\/api.w.org\/{rel}","templated":true}]}}