{"id":3644,"date":"2016-07-19T20:27:58","date_gmt":"2016-07-19T20:27:58","guid":{"rendered":"http:\/\/dimensionfxmedia.com\/fr\/services\/service-graphic-design\/"},"modified":"2016-11-09T18:26:28","modified_gmt":"2016-11-09T18:26:28","slug":"service-design-graphique","status":"publish","type":"page","link":"https:\/\/dimensionfxmedia.com\/fr\/services\/service-design-graphique\/","title":{"rendered":"Service | Design graphique"},"content":{"rendered":"<div class=\"wpb-content-wrapper\"><p>[vc_row][vc_column width=\u00a0\u00bb1\/2&Prime;][vc_custom_heading text=\u00a0\u00bbServices design graphique\u00a0\u00bb font_container=\u00a0\u00bbtag:h5|text_align:left\u00a0\u00bb use_theme_fonts=\u00a0\u00bbyes\u00a0\u00bb][vc_column_text]<\/p>\n<p style=\"text-align: justify;\">Osez la diff\u00e9rence avec une touche de cr\u00e9ativit\u00e9 pour la conception de logo, de pictogramme, de carte d&rsquo;affaires, de page de magazine, d&rsquo;affiche, de catalogue, de d\u00e9pliant, de calendrier, de banni\u00e8re ou pour tout autre projet graphique. Mettez-nous au d\u00e9fi!<\/p>\n<p>[\/vc_column_text][\/vc_column][vc_column width=\u00a0\u00bb1\/2&Prime;][vc_video link=\u00a0\u00bbhttp:\/\/vimeo.com\/75615445&Prime;][vc_column_text]<\/p>\n<p style=\"text-align: right;\"><a href=\"http:\/\/dimensionfxmedia.com\/fr\/portfolio\/design-graphique\/\" class=\"btn-shortcode dt-btn-s dt-btn default-btn-color default-btn-hover-color default-btn-bg-color default-btn-bg-hover-color fadeIn animate-element animation-builder ico-right-side\" id=\"dt-btn-1\"><span>Voir le portfolio<\/span><i class=\"fa fa-chevron-right\"><\/i><\/a><\/p>\n<p>[\/vc_column_text][\/vc_column][\/vc_row][vc_row][vc_column][vc_separator][vc_empty_space][\/vc_column][\/vc_row][vc_row][vc_column][vc_column_text]Plus d&rsquo;information \u00e0 venir&#8230;[\/vc_column_text][\/vc_column][\/vc_row][vc_row][vc_column][vc_empty_space][vc_separator][\/vc_column][\/vc_row]<\/p>\n<\/div>","protected":false},"excerpt":{"rendered":"<p>[vc_row][vc_column width=\u00a0\u00bb1\/2&Prime;][vc_custom_heading text=\u00a0\u00bbServices design graphique\u00a0\u00bb font_container=\u00a0\u00bbtag:h5|text_align:left\u00a0\u00bb use_theme_fonts=\u00a0\u00bbyes\u00a0\u00bb][vc_column_text] Osez la diff\u00e9rence avec une touche de cr\u00e9ativit\u00e9 pour la conception de logo, de pictogramme, de carte d&rsquo;affaires, de page de magazine, d&rsquo;affiche, de catalogue, de d\u00e9pliant, de calendrier, de banni\u00e8re ou pour tout autre projet graphique. Mettez-nous au d\u00e9fi! [\/vc_column_text][\/vc_column][vc_column width=\u00a0\u00bb1\/2&Prime;][vc_video link=\u00a0\u00bbhttp:\/\/vimeo.com\/75615445&Prime;][vc_column_text] [\/vc_column_text][\/vc_column][\/vc_row][vc_row][vc_column][vc_separator][vc_empty_space][\/vc_column][\/vc_row][vc_row][vc_column][vc_column_text]Plus d&rsquo;information \u00e0 venir&#8230;[\/vc_column_text][\/vc_column][\/vc_row][vc_row][vc_column][vc_empty_space][vc_separator][\/vc_column][\/vc_row]<\/p>\n","protected":false},"author":1,"featured_media":0,"parent":3642,"menu_order":0,"comment_status":"closed","ping_status":"closed","template":"","meta":{"footnotes":""},"_links":{"self":[{"href":"https:\/\/dimensionfxmedia.com\/fr\/wp-json\/wp\/v2\/pages\/3644"}],"collection":[{"href":"https:\/\/dimensionfxmedia.com\/fr\/wp-json\/wp\/v2\/pages"}],"about":[{"href":"https:\/\/dimensionfxmedia.com\/fr\/wp-json\/wp\/v2\/types\/page"}],"author":[{"embeddable":true,"href":"https:\/\/dimensionfxmedia.com\/fr\/wp-json\/wp\/v2\/users\/1"}],"replies":[{"embeddable":true,"href":"https:\/\/dimensionfxmedia.com\/fr\/wp-json\/wp\/v2\/comments?post=3644"}],"version-history":[{"count":6,"href":"https:\/\/dimensionfxmedia.com\/fr\/wp-json\/wp\/v2\/pages\/3644\/revisions"}],"predecessor-version":[{"id":3888,"href":"https:\/\/dimensionfxmedia.com\/fr\/wp-json\/wp\/v2\/pages\/3644\/revisions\/3888"}],"up":[{"embeddable":true,"href":"https:\/\/dimensionfxmedia.com\/fr\/wp-json\/wp\/v2\/pages\/3642"}],"wp:attachment":[{"href":"https:\/\/dimensionfxmedia.com\/fr\/wp-json\/wp\/v2\/media?parent=3644"}],"curies":[{"name":"wp","href":"https:\/\/api.w.org\/{rel}","templated":true}]}}