{"id":3643,"date":"2016-07-19T20:43:37","date_gmt":"2016-07-19T20:43:37","guid":{"rendered":"http:\/\/dimensionfxmedia.com\/fr\/services\/service-photo-editing\/"},"modified":"2016-11-12T16:35:32","modified_gmt":"2016-11-12T16:35:32","slug":"service-photo-retouche","status":"publish","type":"page","link":"https:\/\/dimensionfxmedia.com\/fr\/services\/service-photo-retouche\/","title":{"rendered":"Service | Photo Retouche"},"content":{"rendered":"<div class=\"wpb-content-wrapper\"><p>[vc_row][vc_column width=\u00a0\u00bb1\/2&Prime;][vc_custom_heading text=\u00a0\u00bbServices photo retouche\u00a0\u00bb font_container=\u00a0\u00bbtag:h5|text_align:left\u00a0\u00bb use_theme_fonts=\u00a0\u00bbyes\u00a0\u00bb][vc_column_text]<\/p>\n<p style=\"text-align: justify;\">Une retouche professionnelle, pour une image exceptionnelle! Vos photos ne repr\u00e9sentent pas fid\u00e8lement ce que vous voulez montrer? Vous voulez des photos plus vibrantes, plus \u00ab\u00a0glamour\u00a0\u00bb, plus intenses, la retouche est la solution. Regardez nos r\u00e9alisations afin de voir tout ce que nous pouvons faire!<\/p>\n<p>[\/vc_column_text][vc_custom_heading text=\u00a0\u00bbRetouches et \u00e9ditions suppl\u00e9mentaires\u00a0\u00bb font_container=\u00a0\u00bbtag:h5|text_align:left\u00a0\u00bb use_theme_fonts=\u00a0\u00bbyes\u00a0\u00bb][vc_column_text]<\/p>\n<p style=\"text-align: justify;\">Retouche suppl\u00e9mentaire, fluisit\u00e9, retrait d&rsquo;objet, \u00e9change de t\u00eates, retrait d&rsquo;arri\u00e8re-plan, images composites. Et tout ce dont vous avez besoin, &#8230;<\/p>\n<p>[\/vc_column_text][vc_custom_heading text=\u00a0\u00bbQuel est de d\u00e9lais de livraison?\u00a0\u00bb font_container=\u00a0\u00bbtag:h5|text_align:left\u00a0\u00bb use_theme_fonts=\u00a0\u00bbyes\u00a0\u00bb][vc_column_text]<\/p>\n<p style=\"text-align: justify;\">5-10 jours ouvrables ou parfois moins, \u00e0 partir du moment o\u00f9 nous recevons vos fichiers au moment o\u00f9 vous les r\u00e9cup\u00e9rez.<\/p>\n<p>[\/vc_column_text][\/vc_column][vc_column width=\u00a0\u00bb1\/2&Prime;]<div class=\"twentytwenty-container\" data-orientation=\"horizontal\" data-offset=\"0.5\"><img loading=\"lazy\" decoding=\"async\" class=\"preload-me\" src=\"https:\/\/dimensionfxmedia.com\/wp-content\/uploads\/2016\/08\/DimensionFXmedia-Photomontage-Las-Olas-Before-Avant-400.jpg\" width=\"603\" height=\"400\"  alt=\"\"><img loading=\"lazy\" decoding=\"async\" class=\"preload-me\" src=\"https:\/\/dimensionfxmedia.com\/wp-content\/uploads\/2016\/08\/DimensionFXmedia-Photomontage-Las-Olas-After-Apres-400.jpg\" width=\"603\" height=\"400\"  alt=\"\"><\/div>[vc_empty_space][vc_column_text]<\/p>\n<p style=\"text-align: right;\"><a href=\"http:\/\/dimensionfxmedia.com\/fr\/portfolio\/photo-retouche\/\" class=\"btn-shortcode dt-btn-s dt-btn default-btn-color default-btn-hover-color default-btn-bg-color default-btn-bg-hover-color fadeIn animate-element animation-builder ico-right-side\" id=\"dt-btn-1\"><span>Voir le portfolio<\/span><i class=\"fa fa-chevron-right\"><\/i><\/a><\/p>\n<p>[\/vc_column_text][\/vc_column][\/vc_row][vc_row][vc_column][vc_separator][vc_empty_space][vc_custom_heading text=\u00a0\u00bbPrix pour la retouche\u00a0\u00bb font_container=\u00a0\u00bbtag:h4|text_align:center\u00a0\u00bb use_theme_fonts=\u00a0\u00bbyes\u00a0\u00bb][vc_column_text]<\/p>\n<p style=\"text-align: center;\">Commande minimum de 200$<\/p>\n<p>[\/vc_column_text][vc_column_text]<style type=\"text\/css\">#go-pricing-table-3990 .gw-go { margin-left:-12px; } #go-pricing-table-3990 .gw-go-col { margin-left:12px; } #go-pricing-table-3990 .gw-go-col-wrap { min-width:130px; } #go-pricing-table-3990 .gw-go-col-inner { border-radius:0 0 0 0; } #go-pricing-table-3990 ul.gw-go-body,  #go-pricing-table-3990 ul.gw-go-body li { border:none !important; padding-top:1px; } #go-pricing-table-3990 ul.gw-go-body li .gw-go-body-cell { padding-top:1px; } #go-pricing-table-3990 ul.gw-go-body { padding-bottom:1px; } #go-pricing-table-3990 .gw-go-tooltip-content { background-color:#2e3031;color:#ffffff; } #go-pricing-table-3990 .gw-go-tooltip:before { border-top-color:#2e3031; } #go-pricing-table-3990 .gw-go-col-wrap-0 .gw-go-header, #go-pricing-table-3990 .gw-go-col-wrap-0 .gw-go-footer-row .gw-go-btn { background-color:#2e3031; } #go-pricing-table-3990 .gw-go-col-wrap-0 .gw-go-coinf div, #go-pricing-table-3990 .gw-go-col-wrap-0 .gw-go-coinb div { color:#2e3031; } #go-pricing-table-3990 .gw-go-col-wrap-0 .gw-go-header h3 { font-size:20px !important; line-height:22px !important; } #go-pricing-table-3990 .gw-go-col-wrap-0 .gw-go-coinb div > span,  #go-pricing-table-3990 .gw-go-col-wrap-0 .gw-go-coinf div > span { font-size:18px !important; line-height:20px !important; } #go-pricing-table-3990 .gw-go-col-wrap-0 .gw-go-body li[data-row-index=\"0\"] { font-size:14px !important; line-height:16px !important; } #go-pricing-table-3990 .gw-go-col-wrap-0 .gw-go-body li[data-row-index=\"1\"] { font-size:14px !important; line-height:16px !important; } #go-pricing-table-3990 .gw-go-col-wrap-0 .gw-go-body li[data-row-index=\"2\"] { font-size:14px !important; line-height:16px !important; } #go-pricing-table-3990 .gw-go-col-wrap-0 .gw-go-body li[data-row-index=\"3\"] { font-size:14px !important; line-height:16px !important; } #go-pricing-table-3990 .gw-go-col-wrap-0 .gw-go-body li[data-row-index=\"4\"] { font-size:14px !important; line-height:16px !important; } #go-pricing-table-3990 .gw-go-col-wrap-0 .gw-go-body li[data-row-index=\"5\"] { font-size:14px !important; line-height:16px !important; } #go-pricing-table-3990 .gw-go-col-wrap-0 .gw-go-body li[data-row-index=\"6\"] { font-size:14px !important; line-height:16px !important; } #go-pricing-table-3990 .gw-go-col-wrap-0 .gw-go-body li[data-row-index=\"7\"] { font-size:14px !important; line-height:16px !important; } #go-pricing-table-3990 .gw-go-col-wrap-0 .gw-go-body li[data-row-index=\"8\"] { font-size:14px !important; line-height:16px !important; } #go-pricing-table-3990 .gw-go-col-wrap-0 .gw-go-body li[data-row-index=\"9\"] { font-size:14px !important; line-height:16px !important; } #go-pricing-table-3990 .gw-go-col-wrap-0 .gw-go-body li[data-row-index=\"10\"] { font-size:14px !important; line-height:16px !important; } #go-pricing-table-3990 .gw-go-col-wrap-0 .gw-go-body li[data-row-index=\"11\"] { font-size:14px !important; line-height:16px !important; } #go-pricing-table-3990 .gw-go-col-wrap-0 .gw-go-body li[data-row-index=\"12\"] { font-size:14px !important; line-height:16px !important; } #go-pricing-table-3990 .gw-go-col-wrap-0 .gw-go-body li[data-row-index=\"13\"] { font-size:14px !important; line-height:16px !important; } #go-pricing-table-3990 .gw-go-col-wrap-1 .gw-go-header, #go-pricing-table-3990 .gw-go-col-wrap-1 .gw-go-body li .gw-go-body-cell:before, #go-pricing-table-3990 .gw-go-col-wrap-1 .gw-go-btn { background-color:#2e3031; } #go-pricing-table-3990 .gw-go-col-wrap-1 .gw-go-coinf div, #go-pricing-table-3990 .gw-go-col-wrap-1 .gw-go-coinb div, #go-pricing-table-3990 .gw-go-col-wrap-1 .gw-go-body li { color:#2e3031; } #go-pricing-table-3990 .gw-go-col-wrap-1 .gw-go-header h3 { font-size:20px !important; line-height:22px !important; } #go-pricing-table-3990 .gw-go-col-wrap-1 .gw-go-coinb div > span,  #go-pricing-table-3990 .gw-go-col-wrap-1 .gw-go-coinf div > span { font-size:18px !important; line-height:20px !important; } #go-pricing-table-3990 .gw-go-col-wrap-1 .gw-go-body li[data-row-index=\"0\"] { font-size:14px !important; line-height:16px !important; } #go-pricing-table-3990 .gw-go-col-wrap-1 .gw-go-body li[data-row-index=\"1\"] { font-size:14px !important; line-height:16px !important; } #go-pricing-table-3990 .gw-go-col-wrap-1 .gw-go-body li[data-row-index=\"2\"] { font-size:14px !important; line-height:16px !important; } #go-pricing-table-3990 .gw-go-col-wrap-1 .gw-go-body li[data-row-index=\"3\"] { font-size:14px !important; line-height:16px !important; } #go-pricing-table-3990 .gw-go-col-wrap-1 .gw-go-body li[data-row-index=\"4\"] { font-size:14px !important; line-height:16px !important; } #go-pricing-table-3990 .gw-go-col-wrap-1 .gw-go-body li[data-row-index=\"5\"] { font-size:14px !important; line-height:16px !important; } #go-pricing-table-3990 .gw-go-col-wrap-1 .gw-go-body li[data-row-index=\"6\"] { font-size:14px !important; line-height:16px !important; } #go-pricing-table-3990 .gw-go-col-wrap-1 .gw-go-body li[data-row-index=\"7\"] { font-size:14px !important; line-height:16px !important; } #go-pricing-table-3990 .gw-go-col-wrap-1 .gw-go-body li[data-row-index=\"8\"] { font-size:14px !important; line-height:16px !important; } #go-pricing-table-3990 .gw-go-col-wrap-1 .gw-go-body li[data-row-index=\"9\"] { font-size:14px !important; line-height:16px !important; } #go-pricing-table-3990 .gw-go-col-wrap-1 .gw-go-body li[data-row-index=\"10\"] { font-size:14px !important; line-height:16px !important; } #go-pricing-table-3990 .gw-go-col-wrap-1 .gw-go-body li[data-row-index=\"11\"] { font-size:14px !important; line-height:16px !important; } #go-pricing-table-3990 .gw-go-col-wrap-1 .gw-go-body li[data-row-index=\"12\"] { font-size:14px !important; line-height:16px !important; } #go-pricing-table-3990 .gw-go-col-wrap-1 .gw-go-body li[data-row-index=\"13\"] { font-size:14px !important; line-height:16px !important; } #go-pricing-table-3990 .gw-go-col-wrap-2 .gw-go-header, #go-pricing-table-3990 .gw-go-col-wrap-2 .gw-go-body li .gw-go-body-cell:before, #go-pricing-table-3990 .gw-go-col-wrap-2 .gw-go-btn { background-color:#2e3031; } #go-pricing-table-3990 .gw-go-col-wrap-2 .gw-go-coinf div, #go-pricing-table-3990 .gw-go-col-wrap-2 .gw-go-coinb div, #go-pricing-table-3990 .gw-go-col-wrap-2 .gw-go-body li { color:#2e3031; } #go-pricing-table-3990 .gw-go-col-wrap-2 .gw-go-header h3 { font-size:20px !important; line-height:22px !important; } #go-pricing-table-3990 .gw-go-col-wrap-2 .gw-go-coinb div > span,  #go-pricing-table-3990 .gw-go-col-wrap-2 .gw-go-coinf div > span { font-size:18px !important; line-height:20px !important; } #go-pricing-table-3990 .gw-go-col-wrap-2 .gw-go-body li[data-row-index=\"0\"] { font-size:14px !important; line-height:16px !important; } #go-pricing-table-3990 .gw-go-col-wrap-2 .gw-go-body li[data-row-index=\"1\"] { font-size:14px !important; line-height:16px !important; } #go-pricing-table-3990 .gw-go-col-wrap-2 .gw-go-body li[data-row-index=\"2\"] { font-size:14px !important; line-height:16px !important; } #go-pricing-table-3990 .gw-go-col-wrap-2 .gw-go-body li[data-row-index=\"3\"] { font-size:14px !important; line-height:16px !important; } #go-pricing-table-3990 .gw-go-col-wrap-2 .gw-go-body li[data-row-index=\"4\"] { font-size:14px !important; line-height:16px !important; } #go-pricing-table-3990 .gw-go-col-wrap-2 .gw-go-body li[data-row-index=\"5\"] { font-size:14px !important; line-height:16px !important; } #go-pricing-table-3990 .gw-go-col-wrap-2 .gw-go-body li[data-row-index=\"6\"] { font-size:14px !important; line-height:16px !important; } #go-pricing-table-3990 .gw-go-col-wrap-2 .gw-go-body li[data-row-index=\"7\"] { font-size:14px !important; line-height:16px !important; } #go-pricing-table-3990 .gw-go-col-wrap-2 .gw-go-body li[data-row-index=\"8\"] { font-size:14px !important; line-height:16px !important; } #go-pricing-table-3990 .gw-go-col-wrap-2 .gw-go-body li[data-row-index=\"9\"] { font-size:14px !important; line-height:16px !important; } #go-pricing-table-3990 .gw-go-col-wrap-2 .gw-go-body li[data-row-index=\"10\"] { font-size:14px !important; line-height:16px !important; } #go-pricing-table-3990 .gw-go-col-wrap-2 .gw-go-body li[data-row-index=\"11\"] { font-size:14px !important; line-height:16px !important; } #go-pricing-table-3990 .gw-go-col-wrap-2 .gw-go-body li[data-row-index=\"12\"] { font-size:14px !important; line-height:16px !important; } #go-pricing-table-3990 .gw-go-col-wrap-2 .gw-go-body li[data-row-index=\"13\"] { font-size:14px !important; line-height:16px !important; } #go-pricing-table-3990 .gw-go { visibility:inherit; }<\/style><style>@media only screen and (min-width: 480px) and (max-width: 767px) { #go-pricing-table-3990 .gw-go-col-wrap { width:50%; } }<\/style><style>@media only screen and (min-width: 480px) and (max-width: 767px) { .gw-go-tooltip { left:50% !important; right:auto !important; transform: translateX(-50%) !important; margin-left:0!important; } .gw-go-tooltip-content:before { right:auto !important; left:50% !important; margin-left:-6px !important; } }<\/style><style>@media only screen and (min-width: 0px) and (max-width: 479px) { #go-pricing-table-3990 .gw-go-col-wrap { width:100%; } }<\/style><style>@media only screen and (min-width: 0px) and (max-width: 479px) { .gw-go-tooltip { left:50% !important; right:auto !important; transform: translateX(-50%) !important; margin-left:0!important; } .gw-go-tooltip-content:before { right:auto !important; left:50% !important; margin-left:-6px !important; } }<\/style><div id=\"go-pricing-table-3990\" class=\"go-pricing\" style=\"margin-bottom:20px;\"><div class=\"gw-go gw-go-clearfix gw-go-enlarge-current gw-go-no-footer gw-go-disable-box-shadow gw-go-3cols\" data-id=\"3990\" data-colnum=\"3\" data-equalize=\"{&quot;column&quot;:1,&quot;body&quot;:1,&quot;footer&quot;:1}\" data-views=\"{&quot;tp&quot;:{&quot;min&quot;:&quot;768&quot;,&quot;max&quot;:&quot;959&quot;,&quot;cols&quot;:&quot;&quot;},&quot;ml&quot;:{&quot;min&quot;:&quot;480&quot;,&quot;max&quot;:&quot;767&quot;,&quot;cols&quot;:&quot;2&quot;},&quot;mp&quot;:{&quot;min&quot;:&quot;0&quot;,&quot;max&quot;:&quot;479&quot;,&quot;cols&quot;:&quot;1&quot;}}\"><div class=\"gw-go-col-wrap gw-go-col-wrap-0 gw-go-disable-hover\" data-col-index=\"0\"><div class=\"gw-go-col gw-go-clean-style2\"><div class=\"gw-go-col-inner\"><div class=\"gw-go-col-inner-layer\"><\/div><div class=\"gw-go-col-inner-layer-over\"><\/div><div class=\"gw-go-header\" style=\"text-shadow:none !important;\"><div class=\"gw-go-header-top\"><h3>De base<\/h3><div class=\"gw-go-coin-wrap\"><div class=\"gw-go-coinf\"><div><span>$0.45<\/span><small>par image<\/small><\/div><\/div><div class=\"gw-go-coinb\"><div><span>$0.45<\/span><small>par image<\/small><\/div><\/div><\/div><\/div><div class=\"gw-go-header-bottom\"><\/div><\/div><ul class=\"gw-go-body\"><li data-row-index=\"0\"><div class=\"gw-go-body-cell\">Look personnalisable pour votre studio<\/div><\/li><li class=\"gw-go-even\" data-row-index=\"1\"><div class=\"gw-go-body-cell\">Luminosit\u00e9 et contraste<\/div><\/li><li data-row-index=\"2\"><div class=\"gw-go-body-cell\">Balance des blancs<\/div><\/li><li class=\"gw-go-even\" data-row-index=\"3\"><div class=\"gw-go-body-cell\">Conversion en noir et blanc<\/div><\/li><li data-row-index=\"4\"><div class=\"gw-go-body-cell\"><\/div><\/li><li class=\"gw-go-even\" data-row-index=\"5\"><div class=\"gw-go-body-cell\"><\/div><\/li><li data-row-index=\"6\"><div class=\"gw-go-body-cell\"><\/div><\/li><li class=\"gw-go-even\" data-row-index=\"7\"><div class=\"gw-go-body-cell\"><\/div><\/li><li data-row-index=\"8\"><div class=\"gw-go-body-cell\"><\/div><\/li><li class=\"gw-go-even\" data-row-index=\"9\"><div class=\"gw-go-body-cell\"><\/div><\/li><li data-row-index=\"10\"><div class=\"gw-go-body-cell\"><\/div><\/li><li class=\"gw-go-even\" data-row-index=\"11\"><div class=\"gw-go-body-cell\"><\/div><\/li><li data-row-index=\"12\"><div class=\"gw-go-body-cell\"><\/div><\/li><li class=\"gw-go-even\" data-row-index=\"13\"><div class=\"gw-go-body-cell\"><\/div><\/li><\/ul><\/div><\/div><\/div><div class=\"gw-go-col-wrap gw-go-col-wrap-1 gw-go-disable-hover\" data-col-index=\"1\"><div class=\"gw-go-col gw-go-clean-style4\"><div class=\"gw-go-col-inner\"><div class=\"gw-go-col-inner-layer\"><\/div><div class=\"gw-go-col-inner-layer-over\"><\/div><div class=\"gw-go-header\" style=\"text-shadow:none !important;\"><div class=\"gw-go-header-top\"><h3>Meilleur<\/h3><div class=\"gw-go-coin-wrap\"><div class=\"gw-go-coinf\"><div><span>$1.65<\/span><small>par image<\/small><\/div><\/div><div class=\"gw-go-coinb\"><div><span>$1.65<\/span><small>par image<\/small><\/div><\/div><\/div><\/div><div class=\"gw-go-header-bottom\"><\/div><\/div><ul class=\"gw-go-body\"><li data-row-index=\"0\"><div class=\"gw-go-body-cell\">Look personnalisable pour votre studio<\/div><\/li><li class=\"gw-go-even\" data-row-index=\"1\"><div class=\"gw-go-body-cell\">Luminosit\u00e9 et contraste<\/div><\/li><li data-row-index=\"2\"><div class=\"gw-go-body-cell\">Balance des blancs<\/div><\/li><li class=\"gw-go-even\" data-row-index=\"3\"><div class=\"gw-go-body-cell\">Conversion en noir et blanc<\/div><\/li><li data-row-index=\"4\"><div class=\"gw-go-body-cell\">\u00c9claircissement et obscurit\u00e9<\/div><\/li><li class=\"gw-go-even\" data-row-index=\"5\"><div class=\"gw-go-body-cell\">R\u00e9duction du bruit et nettet\u00e9<\/div><\/li><li data-row-index=\"6\"><div class=\"gw-go-body-cell\">R\u00e9glages localis\u00e9s teinte, saturation, luminosit\u00e9<\/div><\/li><li class=\"gw-go-even\" data-row-index=\"7\"><div class=\"gw-go-body-cell\">Recadrage<\/div><\/li><li data-row-index=\"8\"><div class=\"gw-go-body-cell\"><\/div><\/li><li class=\"gw-go-even\" data-row-index=\"9\"><div class=\"gw-go-body-cell\"><\/div><\/li><li data-row-index=\"10\"><div class=\"gw-go-body-cell\"><\/div><\/li><li class=\"gw-go-even\" data-row-index=\"11\"><div class=\"gw-go-body-cell\"><\/div><\/li><li data-row-index=\"12\"><div class=\"gw-go-body-cell\"><\/div><\/li><li class=\"gw-go-even\" data-row-index=\"13\"><div class=\"gw-go-body-cell\"><\/div><\/li><\/ul><\/div><\/div><\/div><div class=\"gw-go-col-wrap gw-go-col-wrap-2 gw-go-disable-hover\" data-col-index=\"2\"><div class=\"gw-go-col gw-go-clean-style4\"><div class=\"gw-go-col-inner\"><div class=\"gw-go-col-inner-layer\"><\/div><div class=\"gw-go-col-inner-layer-over\"><\/div><div class=\"gw-go-header\" style=\"text-shadow:none !important;\"><div class=\"gw-go-header-top\"><h3>Sup\u00e9rieur<\/h3><div class=\"gw-go-coin-wrap\"><div class=\"gw-go-coinf\"><div><span>$3.15<\/span><small>par image<\/small><\/div><\/div><div class=\"gw-go-coinb\"><div><span>$3.15<\/span><small>par image<\/small><\/div><\/div><\/div><\/div><div class=\"gw-go-header-bottom\"><\/div><\/div><ul class=\"gw-go-body\"><li data-row-index=\"0\"><div class=\"gw-go-body-cell\">Look personnalisable pour votre studio<\/div><\/li><li class=\"gw-go-even\" data-row-index=\"1\"><div class=\"gw-go-body-cell\">Luminosit\u00e9 et contraste<\/div><\/li><li data-row-index=\"2\"><div class=\"gw-go-body-cell\">Balance des blancs<\/div><\/li><li class=\"gw-go-even\" data-row-index=\"3\"><div class=\"gw-go-body-cell\">Conversion en noir et blanc<\/div><\/li><li data-row-index=\"4\"><div class=\"gw-go-body-cell\">\u00c9claircissement et obscurit\u00e9<\/div><\/li><li class=\"gw-go-even\" data-row-index=\"5\"><div class=\"gw-go-body-cell\">R\u00e9duction du bruit et nettet\u00e9<\/div><\/li><li data-row-index=\"6\"><div class=\"gw-go-body-cell\">R\u00e9glages localis\u00e9s teinte, saturation, luminosit\u00e9<\/div><\/li><li class=\"gw-go-even\" data-row-index=\"7\"><div class=\"gw-go-body-cell\">Recadrage<\/div><\/li><li data-row-index=\"8\"><div class=\"gw-go-body-cell\">Nettoyage d\u2019image de base<\/div><\/li><li class=\"gw-go-even\" data-row-index=\"9\"><div class=\"gw-go-body-cell\">Retouche de peau de base<\/div><\/li><li data-row-index=\"10\"><div class=\"gw-go-body-cell\">Effets optionnels<\/div><\/li><li class=\"gw-go-even\" data-row-index=\"11\"><div class=\"gw-go-body-cell\">Blanchissement de dents<\/div><\/li><li data-row-index=\"12\"><div class=\"gw-go-body-cell\">Enlever les cheveux \u00e9gar\u00e9s<\/div><\/li><li class=\"gw-go-even\" data-row-index=\"13\"><div class=\"gw-go-body-cell\">* Fluidit\u00e9 (sur demande)<div class=\"gw-go-tooltip-content\" style=\"width:140px; color:#ffffff; background-color:#2e3031; border-color:#2e3031; font-size:12px !important; line-height:16px !important;\">* Prix sur estim\u00e9<\/div><\/div><\/li><\/ul><\/div><\/div><\/div><\/div><\/div>[\/vc_column_text][\/vc_column][\/vc_row][vc_row][vc_column][vc_separator][vc_empty_space][vc_custom_heading text=\u00a0\u00bbPrix pour la retouche personnalis\u00e9e\u00a0\u00bb font_container=\u00a0\u00bbtag:h4|text_align:center\u00a0\u00bb use_theme_fonts=\u00a0\u00bbyes\u00a0\u00bb][vc_column_text]<\/p>\n<p style=\"text-align: center;\">Prix par image sur estim\u00e9<\/p>\n<p style=\"text-align: center;\">Retouche suppl\u00e9mentaire, fluidit\u00e9, retrait d&rsquo;objet, \u00e9change de t\u00eates, retrait d&rsquo;arri\u00e8re-plan, images composites. Et tout ce dont vous avez besoin, &#8230;<\/p>\n<p style=\"text-align: center;\">Apr\u00e8s avoir soumis une image et une liste de retouche que vous aimeriez faire, nous vous feront parvenir une estimation pour avoir votre approbation.<\/p>\n<p>[\/vc_column_text][\/vc_column][\/vc_row][vc_row][vc_column][vc_empty_space][vc_separator][\/vc_column][\/vc_row]<\/p>\n<\/div>","protected":false},"excerpt":{"rendered":"<p>[vc_row][vc_column width=\u00a0\u00bb1\/2&Prime;][vc_custom_heading text=\u00a0\u00bbServices photo retouche\u00a0\u00bb font_container=\u00a0\u00bbtag:h5|text_align:left\u00a0\u00bb use_theme_fonts=\u00a0\u00bbyes\u00a0\u00bb][vc_column_text] Une retouche professionnelle, pour une image exceptionnelle! Vos photos ne repr\u00e9sentent pas fid\u00e8lement ce que vous voulez montrer? Vous voulez des photos plus vibrantes, plus \u00ab\u00a0glamour\u00a0\u00bb, plus intenses, la retouche est la solution. Regardez nos r\u00e9alisations afin de voir tout ce que nous pouvons faire! [\/vc_column_text][vc_custom_heading text=\u00a0\u00bbRetouches et&hellip;<\/p>\n","protected":false},"author":1,"featured_media":0,"parent":3642,"menu_order":0,"comment_status":"closed","ping_status":"closed","template":"","meta":{"footnotes":""},"_links":{"self":[{"href":"https:\/\/dimensionfxmedia.com\/fr\/wp-json\/wp\/v2\/pages\/3643"}],"collection":[{"href":"https:\/\/dimensionfxmedia.com\/fr\/wp-json\/wp\/v2\/pages"}],"about":[{"href":"https:\/\/dimensionfxmedia.com\/fr\/wp-json\/wp\/v2\/types\/page"}],"author":[{"embeddable":true,"href":"https:\/\/dimensionfxmedia.com\/fr\/wp-json\/wp\/v2\/users\/1"}],"replies":[{"embeddable":true,"href":"https:\/\/dimensionfxmedia.com\/fr\/wp-json\/wp\/v2\/comments?post=3643"}],"version-history":[{"count":19,"href":"https:\/\/dimensionfxmedia.com\/fr\/wp-json\/wp\/v2\/pages\/3643\/revisions"}],"predecessor-version":[{"id":4001,"href":"https:\/\/dimensionfxmedia.com\/fr\/wp-json\/wp\/v2\/pages\/3643\/revisions\/4001"}],"up":[{"embeddable":true,"href":"https:\/\/dimensionfxmedia.com\/fr\/wp-json\/wp\/v2\/pages\/3642"}],"wp:attachment":[{"href":"https:\/\/dimensionfxmedia.com\/fr\/wp-json\/wp\/v2\/media?parent=3643"}],"curies":[{"name":"wp","href":"https:\/\/api.w.org\/{rel}","templated":true}]}}