{"id":3642,"date":"2016-06-23T21:57:35","date_gmt":"2016-06-23T21:57:35","guid":{"rendered":"http:\/\/dimensionfxmedia.com\/fr\/services\/"},"modified":"2016-11-09T18:22:24","modified_gmt":"2016-11-09T18:22:24","slug":"services","status":"publish","type":"page","link":"https:\/\/dimensionfxmedia.com\/fr\/services\/","title":{"rendered":"Services"},"content":{"rendered":"<div class=\"wpb-content-wrapper\"><p>[vc_row][vc_column width=\u00a0\u00bb1\/2&Prime;][vc_custom_heading text=\u00a0\u00bbCl\u00e9 en main sous un m\u00eame toit\u00a0\u00bb font_container=\u00a0\u00bbtag:h5|font_size:18|text_align:left\u00a0\u00bb use_theme_fonts=\u00a0\u00bbyes\u00a0\u00bb][vc_column_text]<\/p>\n<p style=\"text-align: justify;\">Avec tous les services en multim\u00e9dia offerts sous un m\u00eame toit, vous aurez l&rsquo;esprit tranquille et augmenterez votre efficacit\u00e9. Pour tout ce qui touche le web, le graphisme, la photographie, la photo montage, la retouche de photographie ou le vid\u00e9o, Dimension FX Media vous propose un service cl\u00e9 en main.<\/p>\n<p>[\/vc_column_text][\/vc_column][vc_column width=\u00a0\u00bb1\/2&Prime;][vc_video link=\u00a0\u00bbhttp:\/\/vimeo.com\/75587651&Prime; align=\u00a0\u00bbcenter\u00a0\u00bb src=\u00a0\u00bb\u00ab\u00a0https:\/\/player.vimeo.com\/video\/78283078?color=eaa923&amp;title=0&amp;byline=0&amp;portrait=0\u00ab\u00a0\u00a0\u00bb width=\u00a0\u00bb\u00ab\u00a0640\u00ab\u00a0\u00a0\u00bb height=\u00a0\u00bb\u00ab\u00a0360\u00ab\u00a0\u00a0\u00bb frameborder=\u00a0\u00bb\u00ab\u00a00\u00ab\u00a0\u00ab\u00a0][\/vc_column][\/vc_row][vc_row][vc_column][vc_empty_space][vc_separator][vc_empty_space][\/vc_column][\/vc_row][vc_row type=\u00a0\u00bbvc_default\u00a0\u00bb gap=\u00a0\u00bb30&Prime; equal_height=\u00a0\u00bbyes\u00a0\u00bb css=\u00a0\u00bb.vc_custom_1467657101442{margin-bottom: 10px !important;}\u00a0\u00bb][vc_column width=\u00a0\u00bb1\/2&Prime; css=\u00a0\u00bb.vc_custom_1467655990053{padding-top: 0px !important;padding-right: 0px !important;padding-bottom: 0px !important;padding-left: 0px !important;background-color: #efefef !important;}\u00a0\u00bb][vc_video link=\u00a0\u00bbhttp:\/\/vimeo.com\/75591050&Prime;][vc_row_inner css=\u00a0\u00bb.vc_custom_1467651727777{padding-right: 20px !important;padding-left: 20px !important;}\u00a0\u00bb][vc_column_inner][vc_custom_heading text=\u00a0\u00bbWeb\u00a0\u00bb font_container=\u00a0\u00bbtag:h5|font_size:18|text_align:left\u00a0\u00bb use_theme_fonts=\u00a0\u00bbyes\u00a0\u00bb][vc_column_text]<\/p>\n<p style=\"text-align: justify;\">Pour une cr\u00e9ation de site web personnalis\u00e9, du commerce \u00e9lectronique, des banni\u00e8res anim\u00e9es, des r\u00e9seaux sociaux \u00e0 votre image, du r\u00e9f\u00e9rencement (SEO), d&rsquo;une mise \u00e0 jour, de r\u00e9servation de nom de domaine ou d&rsquo;h\u00e9bergement, Dimension FX Media est en mesure de vous aider \u00e0 augmenter votre visibilit\u00e9. Avec les technologies multim\u00e9dias qui \u00e9voluent rapidement, soyez assur\u00e9 que vous serez accessible de partout.<\/p>\n<p style=\"text-align: right;\"><a href=\"http:\/\/dimensionfxmedia.com\/fr\/services\/service-web\/\" class=\"btn-shortcode dt-btn-s dt-btn default-btn-color default-btn-hover-color default-btn-bg-color default-btn-bg-hover-color fadeIn animate-element animation-builder ico-right-side\" id=\"dt-btn-1\"><span>Lire plus&#8230;<\/span><i class=\"fa fa-chevron-right\"><\/i><\/a><br \/>\n<a href=\"http:\/\/dimensionfxmedia.com\/fr\/portfolio\/web\/\" class=\"btn-shortcode dt-btn-s dt-btn default-btn-color default-btn-hover-color default-btn-bg-color default-btn-bg-hover-color fadeIn animate-element animation-builder ico-right-side\" id=\"dt-btn-2\"><span>Voir le portfolio<\/span><i class=\"fa fa-chevron-right\"><\/i><\/a><\/p>\n<p>[\/vc_column_text][\/vc_column_inner][\/vc_row_inner][\/vc_column][vc_column width=\u00a0\u00bb1\/2&Prime; css=\u00a0\u00bb.vc_custom_1467655998603{padding-top: 0px !important;padding-right: 0px !important;padding-bottom: 0px !important;padding-left: 0px !important;background-color: #efefef !important;}\u00a0\u00bb][vc_video link=\u00a0\u00bbhttp:\/\/vimeo.com\/75615445&Prime; align=\u00a0\u00bbcenter\u00a0\u00bb][vc_row_inner css=\u00a0\u00bb.vc_custom_1467654380297{padding-right: 20px !important;padding-left: 20px !important;}\u00a0\u00bb][vc_column_inner][vc_custom_heading text=\u00a0\u00bbDesign graphique\u00a0\u00bb font_container=\u00a0\u00bbtag:h5|font_size:18|text_align:left\u00a0\u00bb use_theme_fonts=\u00a0\u00bbyes\u00a0\u00bb][vc_column_text]<\/p>\n<p style=\"text-align: justify;\">Osez la diff\u00e9rence avec une touche de cr\u00e9ativit\u00e9 pour la conception de logo, de pictogramme, de carte d&rsquo;affaires, de page de magazine, d&rsquo;affiche, de catalogue, de d\u00e9pliant, de calendrier, de banni\u00e8re ou pour tout autre projet graphique. Mettez-nous au d\u00e9fi!<\/p>\n<p style=\"text-align: right;\"><a href=\"http:\/\/dimensionfxmedia.com\/fr\/services\/service-design-graphique\/\" class=\"btn-shortcode dt-btn-s dt-btn default-btn-color default-btn-hover-color default-btn-bg-color default-btn-bg-hover-color fadeIn animate-element animation-builder ico-right-side\" id=\"dt-btn-3\"><span>Lire plus&#8230;<\/span><i class=\"fa fa-chevron-right\"><\/i><\/a><br \/>\n<a href=\"http:\/\/dimensionfxmedia.com\/fr\/portfolio\/design-graphique\/\" class=\"btn-shortcode dt-btn-s dt-btn default-btn-color default-btn-hover-color default-btn-bg-color default-btn-bg-hover-color fadeIn animate-element animation-builder ico-right-side\" id=\"dt-btn-4\"><span>Voir le portfolio<\/span><i class=\"fa fa-chevron-right\"><\/i><\/a><\/p>\n<p>[\/vc_column_text][\/vc_column_inner][\/vc_row_inner][\/vc_column][\/vc_row][vc_row type=\u00a0\u00bbvc_default\u00a0\u00bb gap=\u00a0\u00bb30&Prime; equal_height=\u00a0\u00bbyes\u00a0\u00bb css=\u00a0\u00bb.vc_custom_1467657120035{margin-bottom: 10px !important;}\u00a0\u00bb][vc_column width=\u00a0\u00bb1\/2&Prime; css=\u00a0\u00bb.vc_custom_1467655979597{padding-top: 0px !important;padding-right: 0px !important;padding-bottom: 0px !important;padding-left: 0px !important;background-color: #efefef !important;}\u00a0\u00bb][vc_video link=\u00a0\u00bbhttp:\/\/vimeo.com\/75616052&Prime; align=\u00a0\u00bbcenter\u00a0\u00bb][vc_row_inner css=\u00a0\u00bb.vc_custom_1467651727777{padding-right: 20px !important;padding-left: 20px !important;}\u00a0\u00bb][vc_column_inner][vc_custom_heading text=\u00a0\u00bbVid\u00e9o\u00a0\u00bb font_container=\u00a0\u00bbtag:h5|font_size:18|text_align:left\u00a0\u00bb use_theme_fonts=\u00a0\u00bbyes\u00a0\u00bb][vc_column_text]<\/p>\n<p style=\"text-align: justify;\">Avec la prolif\u00e9ration des r\u00e9seaux sociaux, c\u2019est maintenant un incontournable de pr\u00e9senter son image par la vid\u00e9o. La vid\u00e9o sur internet est facile \u00e0 distribuer et rejoint un large public. Elle peut m\u00eame devenir virale! Pour une pr\u00e9sentation corporative convaincante, une campagne promotionnelle, un photomontage original, Dimension FX Media offre des services vid\u00e9os professionnels.<\/p>\n<p style=\"text-align: right;\"><a href=\"http:\/\/dimensionfxmedia.com\/fr\/services\/service-video\/\" class=\"btn-shortcode dt-btn-s dt-btn default-btn-color default-btn-hover-color default-btn-bg-color default-btn-bg-hover-color fadeIn animate-element animation-builder ico-right-side\" id=\"dt-btn-5\"><span>Lire plus&#8230;<\/span><i class=\"fa fa-chevron-right\"><\/i><\/a><br \/>\n<a href=\"http:\/\/dimensionfxmedia.com\/fr\/portfolio\/video\/\" class=\"btn-shortcode dt-btn-s dt-btn default-btn-color default-btn-hover-color default-btn-bg-color default-btn-bg-hover-color fadeIn animate-element animation-builder ico-right-side\" id=\"dt-btn-6\"><span>Voir le portfolio<\/span><i class=\"fa fa-chevron-right\"><\/i><\/a><\/p>\n<p>[\/vc_column_text][\/vc_column_inner][\/vc_row_inner][\/vc_column][vc_column width=\u00a0\u00bb1\/2&Prime; css=\u00a0\u00bb.vc_custom_1467655968475{padding-top: 0px !important;padding-right: 0px !important;padding-bottom: 0px !important;padding-left: 0px !important;background-color: #efefef !important;}\u00a0\u00bb][vc_video link=\u00a0\u00bbhttp:\/\/vimeo.com\/75596137&Prime; align=\u00a0\u00bbcenter\u00a0\u00bb][vc_row_inner css=\u00a0\u00bb.vc_custom_1467654369435{padding-right: 20px !important;padding-left: 20px !important;}\u00a0\u00bb][vc_column_inner][vc_custom_heading text=\u00a0\u00bbPhotographie\u00a0\u00bb font_container=\u00a0\u00bbtag:h5|font_size:18|text_align:left\u00a0\u00bb use_theme_fonts=\u00a0\u00bbyes\u00a0\u00bb][vc_column_text]<\/p>\n<p style=\"text-align: justify;\">Une photo vaut mille mots! Une photographie professionnelle met en valeur l\u2019image et fait vendre. Pour des photographies de produits, commerciales, corporatives, d\u2019\u00e9v\u00e9nements, de portraits, d\u2019architecture ou de tourisme, Dimension FX Media vous surprendra avec sa qualit\u00e9. Que ce soit dans nos studios ou en d\u00e9placement, notre service de photographie professionnelle saura d\u00e9passer vos attentes.<\/p>\n<p style=\"text-align: right;\"><a href=\"http:\/\/dimensionfxmedia.com\/fr\/services\/service-photographie\/\" class=\"btn-shortcode dt-btn-s dt-btn default-btn-color default-btn-hover-color default-btn-bg-color default-btn-bg-hover-color fadeIn animate-element animation-builder ico-right-side\" id=\"dt-btn-7\"><span>Lire plus&#8230;<\/span><i class=\"fa fa-chevron-right\"><\/i><\/a><br \/>\n<a href=\"http:\/\/dimensionfxmedia.com\/fr\/portfolio\/photographie\/\" class=\"btn-shortcode dt-btn-s dt-btn default-btn-color default-btn-hover-color default-btn-bg-color default-btn-bg-hover-color fadeIn animate-element animation-builder ico-right-side\" id=\"dt-btn-8\"><span>Voir le portfolio<\/span><i class=\"fa fa-chevron-right\"><\/i><\/a><\/p>\n<p>[\/vc_column_text][\/vc_column_inner][\/vc_row_inner][\/vc_column][\/vc_row][vc_row type=\u00a0\u00bbvc_default\u00a0\u00bb gap=\u00a0\u00bb30&Prime; equal_height=\u00a0\u00bbyes\u00a0\u00bb css=\u00a0\u00bb.vc_custom_1467657184073{margin-bottom: 10px !important;}\u00a0\u00bb][vc_column width=\u00a0\u00bb1\/2&Prime; css=\u00a0\u00bb.vc_custom_1467654452036{margin-bottom: 0px !important;padding-top: 0px !important;padding-right: 0px !important;padding-bottom: 0px !important;padding-left: 0px !important;background-color: #efefef !important;}\u00a0\u00bb]<div class=\"twentytwenty-container\" data-orientation=\"horizontal\" data-offset=\"0.5\"><img loading=\"lazy\" decoding=\"async\" class=\"preload-me\" src=\"https:\/\/dimensionfxmedia.com\/wp-content\/uploads\/2016\/07\/DimensionFXmedia-Photomontage-Royale-Before-Avant.jpg\" width=\"1356\" height=\"900\"  title=\"Before \/ Avant\" alt=\"\"><img loading=\"lazy\" decoding=\"async\" class=\"preload-me\" src=\"https:\/\/dimensionfxmedia.com\/wp-content\/uploads\/2016\/07\/DimensionFXmedia-Photomontage-Royale-After-Apres.jpg\" width=\"1356\" height=\"900\"  title=\"After \/ Apr\u00e8s\" alt=\"\"><\/div>[vc_empty_space][vc_row_inner css=\u00a0\u00bb.vc_custom_1467653566406{padding-right: 20px !important;padding-left: 20px !important;}\u00a0\u00bb][vc_column_inner][vc_custom_heading text=\u00a0\u00bbPhotomontage\u00a0\u00bb font_container=\u00a0\u00bbtag:h5|font_size:18|text_align:left\u00a0\u00bb use_theme_fonts=\u00a0\u00bbyes\u00a0\u00bb][vc_column_text]<\/p>\n<p style=\"text-align: justify;\">Il est souvent difficile, voire impossible, de prendre l\u2019image parfaite dans son contexte. Le photomontage est la solution pour obtenir une image spectaculaire. Pour d\u00e9placer ou ajouter un objet, mettre du cachet et des effets, modifier des d\u00e9cors ou am\u00e9liorer l\u2019aspect visuel d\u2019une photographie, le photomontage est la r\u00e9ponse. Parcourez nos r\u00e9alisations et vous serez impressionn\u00e9s!<\/p>\n<p style=\"text-align: right;\"><a href=\"http:\/\/dimensionfxmedia.com\/fr\/services\/service-photomontage\/\" class=\"btn-shortcode dt-btn-s dt-btn default-btn-color default-btn-hover-color default-btn-bg-color default-btn-bg-hover-color fadeIn animate-element animation-builder ico-right-side\" id=\"dt-btn-9\"><span>Lire plus&#8230;<\/span><i class=\"fa fa-chevron-right\"><\/i><\/a><br \/>\n<a href=\"http:\/\/dimensionfxmedia.com\/fr\/portfolio\/photomontage\/\" class=\"btn-shortcode dt-btn-s dt-btn default-btn-color default-btn-hover-color default-btn-bg-color default-btn-bg-hover-color fadeIn animate-element animation-builder ico-right-side\" id=\"dt-btn-10\"><span>Voir le portfolio<\/span><i class=\"fa fa-chevron-right\"><\/i><\/a><\/p>\n<p>[\/vc_column_text][\/vc_column_inner][\/vc_row_inner][\/vc_column][vc_column width=\u00a0\u00bb1\/2&Prime; css=\u00a0\u00bb.vc_custom_1467654442999{padding-top: 0px !important;padding-right: 0px !important;padding-bottom: 0px !important;padding-left: 0px !important;background-color: #efefef !important;}\u00a0\u00bb]<div class=\"twentytwenty-container\" data-orientation=\"horizontal\" data-offset=\"0.5\"><img loading=\"lazy\" decoding=\"async\" class=\"preload-me\" src=\"https:\/\/dimensionfxmedia.com\/wp-content\/uploads\/2016\/07\/DimensionFXmedia-Photomontage-Las-Olas-Before-Avant.jpg\" width=\"1356\" height=\"900\"  title=\"Before \/ Avant\" alt=\"\"><img loading=\"lazy\" decoding=\"async\" class=\"preload-me\" src=\"https:\/\/dimensionfxmedia.com\/wp-content\/uploads\/2016\/07\/DimensionFXmedia-Photomontage-Las-Olas-After-Apres.jpg\" width=\"1356\" height=\"900\"  title=\"After \/ Apr\u00e8s\" alt=\"\"><\/div>[vc_empty_space][vc_row_inner css=\u00a0\u00bb.vc_custom_1467654356997{padding-right: 20px !important;padding-left: 20px !important;}\u00a0\u00bb][vc_column_inner][vc_custom_heading text=\u00a0\u00bbRetouche photo\u00a0\u00bb font_container=\u00a0\u00bbtag:h5|font_size:18|text_align:left\u00a0\u00bb use_theme_fonts=\u00a0\u00bbyes\u00a0\u00bb][vc_column_text]<\/p>\n<p style=\"text-align: justify;\">Une retouche professionnelle, pour une image exceptionnelle! Vos photos ne repr\u00e9sentent pas fid\u00e8lement ce que vous voulez montrer? Vous voulez des photos plus vibrantes, plus \u00ab\u00a0glamour\u00a0\u00bb, plus intenses, la retouche est la solution. Regardez nos r\u00e9alisations afin de voir tout ce que nous pouvons faire!<\/p>\n<p style=\"text-align: right;\"><a href=\"http:\/\/dimensionfxmedia.com\/fr\/services\/service-photo-retouche\/\" class=\"btn-shortcode dt-btn-s dt-btn default-btn-color default-btn-hover-color default-btn-bg-color default-btn-bg-hover-color fadeIn animate-element animation-builder ico-right-side\" id=\"dt-btn-11\"><span>Lire plus&#8230;<\/span><i class=\"fa fa-chevron-right\"><\/i><\/a><br \/>\n<a href=\"http:\/\/dimensionfxmedia.com\/fr\/portfolio\/photo-retouche\/\" class=\"btn-shortcode dt-btn-s dt-btn default-btn-color default-btn-hover-color default-btn-bg-color default-btn-bg-hover-color fadeIn animate-element animation-builder ico-right-side\" id=\"dt-btn-12\"><span>Voir le portfolio<\/span><i class=\"fa fa-chevron-right\"><\/i><\/a><\/p>\n<p>[\/vc_column_text][\/vc_column_inner][\/vc_row_inner][\/vc_column][\/vc_row]<\/p>\n<\/div>","protected":false},"excerpt":{"rendered":"<p>[vc_row][vc_column width=\u00a0\u00bb1\/2&Prime;][vc_custom_heading text=\u00a0\u00bbCl\u00e9 en main sous un m\u00eame toit\u00a0\u00bb font_container=\u00a0\u00bbtag:h5|font_size:18|text_align:left\u00a0\u00bb use_theme_fonts=\u00a0\u00bbyes\u00a0\u00bb][vc_column_text] Avec tous les services en multim\u00e9dia offerts sous un m\u00eame toit, vous aurez l&rsquo;esprit tranquille et augmenterez votre efficacit\u00e9. Pour tout ce qui touche le web, le graphisme, la photographie, la photo montage, la retouche de photographie ou le vid\u00e9o, Dimension FX Media vous&hellip;<\/p>\n","protected":false},"author":1,"featured_media":0,"parent":0,"menu_order":20,"comment_status":"closed","ping_status":"closed","template":"","meta":{"footnotes":""},"_links":{"self":[{"href":"https:\/\/dimensionfxmedia.com\/fr\/wp-json\/wp\/v2\/pages\/3642"}],"collection":[{"href":"https:\/\/dimensionfxmedia.com\/fr\/wp-json\/wp\/v2\/pages"}],"about":[{"href":"https:\/\/dimensionfxmedia.com\/fr\/wp-json\/wp\/v2\/types\/page"}],"author":[{"embeddable":true,"href":"https:\/\/dimensionfxmedia.com\/fr\/wp-json\/wp\/v2\/users\/1"}],"replies":[{"embeddable":true,"href":"https:\/\/dimensionfxmedia.com\/fr\/wp-json\/wp\/v2\/comments?post=3642"}],"version-history":[{"count":8,"href":"https:\/\/dimensionfxmedia.com\/fr\/wp-json\/wp\/v2\/pages\/3642\/revisions"}],"predecessor-version":[{"id":3886,"href":"https:\/\/dimensionfxmedia.com\/fr\/wp-json\/wp\/v2\/pages\/3642\/revisions\/3886"}],"wp:attachment":[{"href":"https:\/\/dimensionfxmedia.com\/fr\/wp-json\/wp\/v2\/media?parent=3642"}],"curies":[{"name":"wp","href":"https:\/\/api.w.org\/{rel}","templated":true}]}}