{"id":3641,"date":"2016-06-23T22:00:10","date_gmt":"2016-06-23T22:00:10","guid":{"rendered":"http:\/\/dimensionfxmedia.com\/fr\/about\/"},"modified":"2022-10-04T14:40:47","modified_gmt":"2022-10-04T18:40:47","slug":"a-propos","status":"publish","type":"page","link":"https:\/\/dimensionfxmedia.com\/fr\/a-propos\/","title":{"rendered":"\u00c0 propos"},"content":{"rendered":"<div class=\"wpb-content-wrapper\"><p>[vc_row][vc_column][vc_column_text]<\/p>\n<h4>\u00c0 propos de Dimension FX Media Inc.<\/h4>\n<p style=\"text-align: justify;\">Dimension FX Media \u0153uvre dans le domaine du multim\u00e9dia et offre un service cl\u00e9 en main pour tous vos projets. Que ce soit pour de la photographie, de la retouche, du montage photo ou vid\u00e9o, du graphisme, d&rsquo;un site web, d\u2019un site transactionnel ou de service-conseil, Dimension FX Media saura r\u00e9pondre \u00e0 tous vos besoins.<\/p>\n<p>[\/vc_column_text][\/vc_column][\/vc_row][vc_row][vc_column][vc_empty_space][vc_separator][vc_empty_space][\/vc_column][\/vc_row][vc_row][vc_column width=\u00a0\u00bb2\/3&Prime; css=\u00a0\u00bb.vc_custom_1473864662571{padding-right: 20px !important;padding-left: 0px !important;}\u00a0\u00bb][vc_column_text]<\/p>\n<h4 style=\"text-align: justify;\">Mission<\/h4>\n<p style=\"text-align: justify;\">La mission de Dimension FX Media est d\u2019offrir tous les services multim\u00e9dias sous un m\u00eame toit, pour simplifier et acc\u00e9l\u00e9rer le d\u00e9veloppement marketing strat\u00e9gique des entreprises.<\/p>\n<p>[\/vc_column_text][vc_column_text]<\/p>\n<h4>Vision<\/h4>\n<p style=\"text-align: justify;\">La vision de Dimension FX Media est d&rsquo;\u00eatre toujours \u00e0 l\u2019affut des nouveaux m\u00e9dias et de l\u2019\u00e9volution rapide des tendances du march\u00e9.<\/p>\n<p>[\/vc_column_text][\/vc_column][vc_column width=\u00a0\u00bb1\/3&Prime; css=\u00a0\u00bb.vc_custom_1473864675354{padding-left: 20px !important;}\u00a0\u00bb]<div class=\"standard-arrow bullet-top\"><h4>Cl\u00e9 en main sous un m\u00eame toit<\/h4>\n<ul>\n<li>Web solution<\/li>\n<li>Graphisme<\/li>\n<li>Vid\u00e9o<\/li>\n<li>Photographie<\/li>\n<li>Photomontage<\/li>\n<li>Retouche photo<\/li>\n<\/ul>\n<\/div>[\/vc_column][\/vc_row][vc_row][vc_column][vc_empty_space][vc_separator][vc_empty_space][\/vc_column][\/vc_row][vc_row][vc_column width=\u00a0\u00bb1\/3&Prime;][vc_row_inner css=\u00a0\u00bb.vc_custom_1507317258001{padding-right: 10px !important;padding-left: 10px !important;}\u00a0\u00bb][vc_column_inner][vc_single_image image=\u00a0\u00bb807&Prime; img_size=\u00a0\u00bbmedium\u00a0\u00bb alignment=\u00a0\u00bbcenter\u00a0\u00bb style=\u00a0\u00bbvc_box_circle\u00a0\u00bb onclick=\u00a0\u00bbcustom_link\u00a0\u00bb link=\u00a0\u00bbhttp:\/\/dimensionfxmedia.com\/fr\/louise-gingras\/\u00a0\u00bb][vc_column_text css=\u00a0\u00bb.vc_custom_1479137738240{margin-bottom: 0px !important;padding-bottom: 0px !important;}\u00a0\u00bb]<a href=\"http:\/\/dimensionfxmedia.com\/fr\/louise-gingras\/\" class=\"btn-shortcode dt-btn-l btn-link title-btn-color accent-btn-hover-color default-btn-bg-color default-btn-bg-hover-color fadeIn animate-element animation-builder\" id=\"dt-btn-1\"><span>Louise Gingras<\/span><\/a>[\/vc_column_text][vc_column_text]<span style=\"color: #999999;\"><strong>conception multim\u00e9dia &amp; photographe<\/strong><\/span><\/p>\n<p style=\"text-align: justify;\">D\u00e9veloppement de projets multim\u00e9dia divers, d\u00e9veloppement d&rsquo;image de marque\u00a0 et photographe accr\u00e9dit\u00e9 des PPOC (Photographes professionnels du Canada.)<\/p>\n<p style=\"text-align: left;\"><div class=\"soc-ico\"><a title=\"Courriel page opens in new window\" href=\"http:\/\/dimensionfxmedia.com\/fr\/contact\/\" target=\"\" class=\"mail\"><span class=\"soc-font-icon\"><\/span><span class=\"screen-reader-text\">Courriel page opens in new window<\/span><\/a><a title=\"LinkedIn page opens in new window\" href=\"https:\/\/ca.linkedin.com\/in\/louisegingras\" target=\"_blank\" class=\"linkedin\"><span class=\"soc-font-icon\"><\/span><span class=\"screen-reader-text\">LinkedIn page opens in new window<\/span><\/a><\/div>\n<p style=\"text-align: right;\"><a href=\"http:\/\/dimensionfxmedia.com\/fr\/louise-gingras\/\" class=\"btn-shortcode dt-btn-m btn-link title-btn-color accent-btn-hover-color default-btn-bg-color default-btn-bg-hover-color fadeIn animate-element animation-builder\" id=\"dt-btn-2\"><i class=\"fa fa-chevron-circle-right\"><\/i><span>Lire plus&#8230;<\/span><\/a><\/p>\n<p>[\/vc_column_text][\/vc_column_inner][\/vc_row_inner][\/vc_column][vc_column width=\u00a0\u00bb1\/3&Prime;][vc_row_inner css=\u00a0\u00bb.vc_custom_1507317273892{padding-right: 10px !important;padding-left: 10px !important;}\u00a0\u00bb][vc_column_inner][vc_single_image image=\u00a0\u00bb806&Prime; img_size=\u00a0\u00bbmedium\u00a0\u00bb alignment=\u00a0\u00bbcenter\u00a0\u00bb style=\u00a0\u00bbvc_box_circle\u00a0\u00bb onclick=\u00a0\u00bbcustom_link\u00a0\u00bb link=\u00a0\u00bbhttp:\/\/dimensionfxmedia.com\/fr\/claude-brazeau\/\u00a0\u00bb][vc_column_text css=\u00a0\u00bb.vc_custom_1479137785089{margin-bottom: 0px !important;padding-bottom: 0px !important;}\u00a0\u00bb]<a href=\"http:\/\/dimensionfxmedia.com\/fr\/claude-brazeau\/\" class=\"btn-shortcode dt-btn-l btn-link title-btn-color accent-btn-hover-color default-btn-bg-color default-btn-bg-hover-color fadeIn animate-element animation-builder\" id=\"dt-btn-3\"><span>Claude Brazeau<\/span><\/a>[\/vc_column_text][vc_column_text]<span style=\"color: #999999;\"><strong>photographe<\/strong><\/span><\/p>\n<p style=\"text-align: justify;\">Ma\u00eetre photographe, gagnant de plusieurs prix sp\u00e9cialis\u00e9 en portrait et mariage. Membre des PPOC (Professional Photographers of Canada) et de PPA (Professional Photographers of America).<\/p>\n<p style=\"text-align: left;\"><div class=\"soc-ico\"><a title=\"Courriel page opens in new window\" href=\"http:\/\/dimensionfxmedia.com\/fr\/contact\/\" target=\"\" class=\"mail\"><span class=\"soc-font-icon\"><\/span><span class=\"screen-reader-text\">Courriel page opens in new window<\/span><\/a><a title=\"Site Web page opens in new window\" href=\"http:\/\/brazeauphoto.com\" target=\"_blank\" class=\"website\"><span class=\"soc-font-icon\"><\/span><span class=\"screen-reader-text\">Site Web page opens in new window<\/span><\/a><a title=\"Facebook page opens in new window\" href=\"https:\/\/www.facebook.com\/claude.brazeau\" target=\"_blank\" class=\"facebook\"><span class=\"soc-font-icon\"><\/span><span class=\"screen-reader-text\">Facebook page opens in new window<\/span><\/a><a title=\"Instagram page opens in new window\" href=\"https:\/\/www.instagram.com\/cbrazeau\/\" target=\"_blank\" class=\"instagram\"><span class=\"soc-font-icon\"><\/span><span class=\"screen-reader-text\">Instagram page opens in new window<\/span><\/a><a title=\"LinkedIn page opens in new window\" href=\"https:\/\/www.linkedin.com\/in\/claude-brazeau-b81ab36a\/fr\" target=\"_blank\" class=\"linkedin\"><span class=\"soc-font-icon\"><\/span><span class=\"screen-reader-text\">LinkedIn page opens in new window<\/span><\/a><\/div>\n<p style=\"text-align: right;\"><a href=\"http:\/\/dimensionfxmedia.com\/fr\/claude-brazeau\/\" class=\"btn-shortcode dt-btn-m btn-link title-btn-color accent-btn-hover-color default-btn-bg-color default-btn-bg-hover-color fadeIn animate-element animation-builder\" id=\"dt-btn-4\"><i class=\"fa fa-chevron-circle-right\"><\/i><span>Lire plus&#8230;<\/span><\/a><\/p>\n<p>[\/vc_column_text][\/vc_column_inner][\/vc_row_inner][\/vc_column][vc_column width=\u00a0\u00bb1\/3&Prime;][vc_row_inner css=\u00a0\u00bb.vc_custom_1507317273892{padding-right: 10px !important;padding-left: 10px !important;}\u00a0\u00bb][vc_column_inner][vc_single_image image=\u00a0\u00bb4033&Prime; img_size=\u00a0\u00bbmedium\u00a0\u00bb alignment=\u00a0\u00bbcenter\u00a0\u00bb style=\u00a0\u00bbvc_box_circle\u00a0\u00bb onclick=\u00a0\u00bbcustom_link\u00a0\u00bb link=\u00a0\u00bbhttp:\/\/dimensionfxmedia.com\/fr\/claude-brazeau\/\u00a0\u00bb][vc_column_text css=\u00a0\u00bb.vc_custom_1507317354226{margin-bottom: 0px !important;padding-bottom: 0px !important;}\u00a0\u00bb]<a href=\"http:\/\/dimensionfxmedia.com\/fr\/sebastien-lavallee\/\" class=\"btn-shortcode dt-btn-l btn-link title-btn-color accent-btn-hover-color default-btn-bg-color default-btn-bg-hover-color fadeIn animate-element animation-builder\" id=\"dt-btn-5\"><span>S\u00e9bastien Lavall\u00e9e<\/span><\/a>[\/vc_column_text][vc_column_text]<span style=\"color: #999999;\"><strong>photographe<\/strong><\/span><\/p>\n<p style=\"text-align: justify;\">Ma\u00eetre photographe, gagnant de plusieurs prix sp\u00e9cialis\u00e9 en photographie commerciale &amp; \u00e9v\u00e9nementiel et vid\u00e9aste. Membre des PPOC (Professional Photographers of Canada) et de PPA (Professional Photographers of America).<\/p>\n<p style=\"text-align: left;\"><div class=\"soc-ico\"><a title=\"Courriel page opens in new window\" href=\"http:\/\/dimensionfxmedia.com\/contact\/\" target=\"\" class=\"mail\"><span class=\"soc-font-icon\"><\/span><span class=\"screen-reader-text\">Courriel page opens in new window<\/span><\/a><a title=\"Site Web page opens in new window\" href=\"http:\/\/sebastienlavallee.com\" target=\"_blank\" class=\"website\"><span class=\"soc-font-icon\"><\/span><span class=\"screen-reader-text\">Site Web page opens in new window<\/span><\/a><a title=\"Facebook page opens in new window\" href=\"https:\/\/www.facebook.com\/SebastienLavalleePhotographe\" target=\"_blank\" class=\"facebook\"><span class=\"soc-font-icon\"><\/span><span class=\"screen-reader-text\">Facebook page opens in new window<\/span><\/a><a title=\"Instagram page opens in new window\" href=\"https:\/\/www.instagram.com\/slavallee\/\" target=\"_blank\" class=\"instagram\"><span class=\"soc-font-icon\"><\/span><span class=\"screen-reader-text\">Instagram page opens in new window<\/span><\/a><a title=\"LinkedIn page opens in new window\" href=\"https:\/\/ca.linkedin.com\/in\/sebastienlavallee?trk=shareTw\" target=\"_blank\" class=\"linkedin\"><span class=\"soc-font-icon\"><\/span><span class=\"screen-reader-text\">LinkedIn page opens in new window<\/span><\/a><a title=\"Vimeo page opens in new window\" href=\"https:\/\/vimeo.com\/user1989335\" target=\"_blank\" class=\"vimeo\"><span class=\"soc-font-icon\"><\/span><span class=\"screen-reader-text\">Vimeo page opens in new window<\/span><\/a><a title=\"X page opens in new window\" href=\"https:\/\/twitter.com\/seb_lavallee\" target=\"_blank\" class=\"twitter\"><span class=\"soc-font-icon\"><\/span><span class=\"screen-reader-text\">X page opens in new window<\/span><\/a><\/div>\n<p style=\"text-align: right;\"><a href=\"http:\/\/dimensionfxmedia.com\/fr\/sebastien-lavallee\/\" class=\"btn-shortcode dt-btn-m btn-link title-btn-color accent-btn-hover-color default-btn-bg-color default-btn-bg-hover-color fadeIn animate-element animation-builder\" id=\"dt-btn-6\"><i class=\"fa fa-chevron-circle-right\"><\/i><span>Lire plus&#8230;<\/span><\/a><\/p>\n<p>[\/vc_column_text][\/vc_column_inner][\/vc_row_inner][\/vc_column][\/vc_row][vc_row][vc_column][vc_empty_space][vc_separator][vc_empty_space][\/vc_column][\/vc_row]<\/p>\n<\/div>","protected":false},"excerpt":{"rendered":"<p>[vc_row][vc_column][vc_column_text] \u00c0 propos de Dimension FX Media Inc. Dimension FX Media \u0153uvre dans le domaine du multim\u00e9dia et offre un service cl\u00e9 en main pour tous vos projets. Que ce soit pour de la photographie, de la retouche, du montage photo ou vid\u00e9o, du graphisme, d&rsquo;un site web, d\u2019un site transactionnel ou de service-conseil, Dimension&hellip;<\/p>\n","protected":false},"author":1,"featured_media":0,"parent":0,"menu_order":10,"comment_status":"closed","ping_status":"closed","template":"","meta":{"footnotes":""},"_links":{"self":[{"href":"https:\/\/dimensionfxmedia.com\/fr\/wp-json\/wp\/v2\/pages\/3641"}],"collection":[{"href":"https:\/\/dimensionfxmedia.com\/fr\/wp-json\/wp\/v2\/pages"}],"about":[{"href":"https:\/\/dimensionfxmedia.com\/fr\/wp-json\/wp\/v2\/types\/page"}],"author":[{"embeddable":true,"href":"https:\/\/dimensionfxmedia.com\/fr\/wp-json\/wp\/v2\/users\/1"}],"replies":[{"embeddable":true,"href":"https:\/\/dimensionfxmedia.com\/fr\/wp-json\/wp\/v2\/comments?post=3641"}],"version-history":[{"count":16,"href":"https:\/\/dimensionfxmedia.com\/fr\/wp-json\/wp\/v2\/pages\/3641\/revisions"}],"predecessor-version":[{"id":4061,"href":"https:\/\/dimensionfxmedia.com\/fr\/wp-json\/wp\/v2\/pages\/3641\/revisions\/4061"}],"wp:attachment":[{"href":"https:\/\/dimensionfxmedia.com\/fr\/wp-json\/wp\/v2\/media?parent=3641"}],"curies":[{"name":"wp","href":"https:\/\/api.w.org\/{rel}","templated":true}]}}