{"id":3640,"date":"2016-07-11T20:35:45","date_gmt":"2016-07-12T00:35:45","guid":{"rendered":"http:\/\/dimensionfxmedia.com\/fr\/louise-gingras\/"},"modified":"2022-10-04T14:44:35","modified_gmt":"2022-10-04T18:44:35","slug":"louise-gingras","status":"publish","type":"page","link":"https:\/\/dimensionfxmedia.com\/fr\/a-propos\/louise-gingras\/","title":{"rendered":"Louise Gingras MPA"},"content":{"rendered":"<div class=\"wpb-content-wrapper\"><p>[vc_row][vc_column width=\u00a0\u00bb1\/3&Prime;][vc_single_image image=\u00a0\u00bb807&Prime; img_size=\u00a0\u00bbfull\u00a0\u00bb alignment=\u00a0\u00bbcenter\u00a0\u00bb style=\u00a0\u00bbvc_box_circle\u00a0\u00bb image_hovers=\u00a0\u00bbfalse\u00a0\u00bb][vc_column_text]<\/p>\n<h3 style=\"text-align: center;\">Louise Gingras MPA<\/h3>\n<h4 style=\"text-align: center;\"><span style=\"color: #cccccc;\">conception multim\u00e9dia &amp; photographe<\/span><\/h4>\n<p>[\/vc_column_text][vc_row_inner][vc_column_inner][vc_separator][\/vc_column_inner][\/vc_row_inner][vc_column_text css=\u00a0\u00bb.vc_custom_1478728310582{padding-top: 0px !important;padding-right: 20px !important;padding-bottom: 0px !important;padding-left: 20px !important;}\u00a0\u00bb]<\/p>\n<h4 style=\"text-align: center;\">Information de contact<\/h4>\n<p style=\"text-align: center;\">Tel: 514-772-1144<br \/>\n<div class=\"soc-ico text-centered\"><a title=\"Courriel page opens in new window\" href=\"http:\/\/dimensionfxmedia.com\/fr\/contact\/\" target=\"\" class=\"mail\"><span class=\"soc-font-icon\"><\/span><span class=\"screen-reader-text\">Courriel page opens in new window<\/span><\/a><a title=\"LinkedIn page opens in new window\" href=\"https:\/\/ca.linkedin.com\/in\/louisegingras\" target=\"_blank\" class=\"linkedin\"><span class=\"soc-font-icon\"><\/span><span class=\"screen-reader-text\">LinkedIn page opens in new window<\/span><\/a><\/div>\n<p>[\/vc_column_text][vc_separator][vc_single_image image=\u00a0\u00bb4619&Prime; img_size=\u00a0\u00bb200&#215;200&Prime; alignment=\u00a0\u00bbcenter\u00a0\u00bb][\/vc_column][vc_column width=\u00a0\u00bb2\/3&Prime;][vc_row_inner][vc_column_inner][vc_column_text]<\/p>\n<h4>Biographie<\/h4>\n<p style=\"text-align: justify;\">Louise est une personne cr\u00e9ative, dynamique ax\u00e9e sur les r\u00e9sultats et dot\u00e9e d\u2019une forte capacit\u00e9 d\u2019analyse et d\u2019organisation.<\/p>\n<p style=\"text-align: justify;\">Ayant travaill\u00e9 plus de 20 ans dans le domaine de la vente au d\u00e9tail et de la distribution, Louise comprend tr\u00e8s bien les enjeux et les d\u00e9fis de ces march\u00e9s respectifs. Depuis 2007, elle a d\u00e9velopp\u00e9 de nouvelles comp\u00e9tences et habilet\u00e9s dans le domaine du multim\u00e9dia. Combinant ses exp\u00e9riences et connaissances, elle peut ainsi mieux d\u00e9finir les besoins et objectifs des clients dans le d\u00e9veloppement de projets multim\u00e9dia tels que le graphisme, la photographie, le montage vid\u00e9o, les sites web, les compagnes publicitaires et les r\u00e9seaux sociaux. Louise est une photographe prim\u00e9e sp\u00e9cialis\u00e9e dans la photographie commerciale. Membre de PPOC (Photographes professionnels du Canada).<\/p>\n<p style=\"text-align: justify;\">Ayant l\u2019esprit d\u2019initiative et le sens des responsabilit\u00e9s, Louise est capable de discerner les priorit\u00e9s afin de traiter simultan\u00e9ment et avec efficacit\u00e9 plusieurs projets. D\u2019esprit ouvert et innovateur, elle a une grande facilit\u00e9 d\u2019adaptation \u00e0 de nouvelles situations et de nouveaux march\u00e9s.<\/p>\n<p>[\/vc_column_text][vc_column_text css=\u00a0\u00bb.vc_custom_1557092691953{margin-bottom: 10px !important;}\u00a0\u00bb]<\/p>\n<h4>Prix et r\u00e9compenses photographiques<\/h4>\n<p>[\/vc_column_text][vc_column_text css=\u00a0\u00bb.vc_custom_1557093384376{margin-top: 0px !important;padding-top: 0px !important;padding-left: 30px !important;}\u00a0\u00bb]<\/p>\n<ul>\n<li>2019 PPOC-Canada : Photographe commercial de l&rsquo;ann\u00e9e 2019<\/li>\n<li>2019 PPOC-Canada : Best in Class (Meilleur de la Classe) 2019 &#8211; Illustration de produit<\/li>\n<li>2018 WPC (World Photographic Cup) : <a href=\"http:\/\/worldphotographiccup.ca\/2018-finalists\/\" target=\"_blank\" rel=\"noopener noreferrer\">Team Canada Finalist<\/a> in the <a href=\"https:\/\/dimensionfxmedia.com\/fr\/finaliste-dequipe-canada-a-la-competition-world-photographic-cup-2019\/\" target=\"_blank\" rel=\"noopener noreferrer\">Categorie Commercial<\/a><\/li>\n<li>2018 PPOC-Ontario : Best in Class (Meilleur de la classe) 2018 &#8211; Illustration de produit<\/li>\n<li>2018 PPOC-Ontario : Best in Class (Meilleur de la classe) 2018 &#8211; \u00c9ditorial<\/li>\n<li>2018 PPOC-Canada : <a href=\"https:\/\/dimensionfxmedia.com\/fr\/competition-national-des-ppoc-2018\/\" target=\"_blank\" rel=\"noopener noreferrer\">Best in Class (Meilleur de la classe) 2018 &#8211; Illustration de produit<\/a><\/li>\n<\/ul>\n<p>[\/vc_column_text][vc_column_text css=\u00a0\u00bb.vc_custom_1557092737705{margin-bottom: 10px !important;}\u00a0\u00bb]<\/p>\n<h4>Accr\u00e9ditations des PPOC (Photographes professionnels du Canada)<\/h4>\n<p>[\/vc_column_text][vc_column_text css=\u00a0\u00bb.vc_custom_1557093065834{margin-top: 0px !important;padding-top: 0px !important;padding-left: 30px !important;}\u00a0\u00bb]<\/p>\n<ul>\n<li><a href=\"https:\/\/dimensionfxmedia.com\/fr\/louise-gingras-received-ppoc-accreditation-in-the-animals-category\/\" target=\"_blank\" rel=\"noopener noreferrer\">Animaux<\/a><\/li>\n<li><a href=\"https:\/\/dimensionfxmedia.com\/fr\/louise-gingras-recoit-une-accreditation-ppoc-dans-la-categorie-botanique\/\" target=\"_blank\" rel=\"noopener noreferrer\">Botanique<\/a><\/li>\n<li><a href=\"https:\/\/dimensionfxmedia.com\/fr\/louise-gingras-recoit-une-accreditation-ppoc-dans-la-categorie-commercial\/\" target=\"_blank\" rel=\"noopener noreferrer\">Commercial<\/a><\/li>\n<li><a href=\"https:\/\/dimensionfxmedia.com\/fr\/louise-gingras-recoit-une-accreditation-ppoc-dans-la-categorie-nourriture\/\" target=\"_blank\" rel=\"noopener noreferrer\">Nourriture<\/a><\/li>\n<li><a href=\"https:\/\/dimensionfxmedia.com\/fr\/louise-gingras-recoit-une-accreditation-ppoc-dans-la-categorie-manipulation-dimage\/\" target=\"_blank\" rel=\"noopener noreferrer\">Manipulation d&rsquo;images<\/a><\/li>\n<\/ul>\n<p>[\/vc_column_text][vc_column_text css=\u00a0\u00bb.vc_custom_1473961159812{margin-bottom: 10px !important;}\u00a0\u00bb]<\/p>\n<h4>Exp\u00e9riences des principaux logiciels et \u00ab\u00a0plugins\u00a0\u00bb multim\u00e9dia<\/h4>\n<p>[\/vc_column_text][vc_column_text css=\u00a0\u00bb.vc_custom_1473961140497{margin-top: 0px !important;padding-top: 0px !important;padding-left: 30px !important;}\u00a0\u00bb]<\/p>\n<ul>\n<li>Adobe Photoshop<\/li>\n<li>Adobe Illustrator<\/li>\n<li>Adobe InDesign<\/li>\n<li>Adobe DreamWeaver<\/li>\n<li>Adobe Premiere<\/li>\n<li>Adobe After Effect<\/li>\n<li>Adobe Acrobat Pro<\/li>\n<li>Adobe Media Encoder<\/li>\n<li>OnOne Software Collection<\/li>\n<li>Nik Software Collection<\/li>\n<li>Perfect Portrait Suite<\/li>\n<\/ul>\n<p>[\/vc_column_text][\/vc_column_inner][\/vc_row_inner][vc_row_inner][vc_column_inner][vc_separator][vc_column_text css=\u00a0\u00bb.vc_custom_1478729206611{margin-bottom: 30px !important;}\u00a0\u00bb]<\/p>\n<h4 style=\"text-align: center;\">Membre d&rsquo;associations professionnelles<\/h4>\n<p>[\/vc_column_text][vc_single_image image=\u00a0\u00bb866&Prime; img_size=\u00a0\u00bbmedium\u00a0\u00bb alignment=\u00a0\u00bbcenter\u00a0\u00bb onclick=\u00a0\u00bbcustom_link\u00a0\u00bb img_link_target=\u00a0\u00bb_blank\u00a0\u00bb link=\u00a0\u00bbhttp:\/\/www.ppoc.ca\/\u00a0\u00bb][vc_separator][\/vc_column_inner][\/vc_row_inner][\/vc_column][\/vc_row]<\/p>\n<\/div>","protected":false},"excerpt":{"rendered":"<p>[vc_row][vc_column width=\u00a0\u00bb1\/3&Prime;][vc_single_image image=\u00a0\u00bb807&Prime; img_size=\u00a0\u00bbfull\u00a0\u00bb alignment=\u00a0\u00bbcenter\u00a0\u00bb style=\u00a0\u00bbvc_box_circle\u00a0\u00bb image_hovers=\u00a0\u00bbfalse\u00a0\u00bb][vc_column_text] Louise Gingras MPA conception multim\u00e9dia &amp; photographe [\/vc_column_text][vc_row_inner][vc_column_inner][vc_separator][\/vc_column_inner][\/vc_row_inner][vc_column_text css=\u00a0\u00bb.vc_custom_1478728310582{padding-top: 0px !important;padding-right: 20px !important;padding-bottom: 0px !important;padding-left: 20px !important;}\u00a0\u00bb] Information de contact Tel: 514-772-1144 [\/vc_column_text][vc_separator][vc_single_image image=\u00a0\u00bb4619&Prime; img_size=\u00a0\u00bb200&#215;200&Prime; alignment=\u00a0\u00bbcenter\u00a0\u00bb][\/vc_column][vc_column width=\u00a0\u00bb2\/3&Prime;][vc_row_inner][vc_column_inner][vc_column_text] Biographie Louise est une personne cr\u00e9ative, dynamique ax\u00e9e sur les r\u00e9sultats et dot\u00e9e d\u2019une forte capacit\u00e9 d\u2019analyse et d\u2019organisation. Ayant travaill\u00e9&hellip;<\/p>\n","protected":false},"author":1,"featured_media":0,"parent":3641,"menu_order":11,"comment_status":"closed","ping_status":"closed","template":"","meta":{"footnotes":""},"_links":{"self":[{"href":"https:\/\/dimensionfxmedia.com\/fr\/wp-json\/wp\/v2\/pages\/3640"}],"collection":[{"href":"https:\/\/dimensionfxmedia.com\/fr\/wp-json\/wp\/v2\/pages"}],"about":[{"href":"https:\/\/dimensionfxmedia.com\/fr\/wp-json\/wp\/v2\/types\/page"}],"author":[{"embeddable":true,"href":"https:\/\/dimensionfxmedia.com\/fr\/wp-json\/wp\/v2\/users\/1"}],"replies":[{"embeddable":true,"href":"https:\/\/dimensionfxmedia.com\/fr\/wp-json\/wp\/v2\/comments?post=3640"}],"version-history":[{"count":15,"href":"https:\/\/dimensionfxmedia.com\/fr\/wp-json\/wp\/v2\/pages\/3640\/revisions"}],"predecessor-version":[{"id":4625,"href":"https:\/\/dimensionfxmedia.com\/fr\/wp-json\/wp\/v2\/pages\/3640\/revisions\/4625"}],"up":[{"embeddable":true,"href":"https:\/\/dimensionfxmedia.com\/fr\/wp-json\/wp\/v2\/pages\/3641"}],"wp:attachment":[{"href":"https:\/\/dimensionfxmedia.com\/fr\/wp-json\/wp\/v2\/media?parent=3640"}],"curies":[{"name":"wp","href":"https:\/\/api.w.org\/{rel}","templated":true}]}}