{"id":3639,"date":"2016-07-11T20:45:26","date_gmt":"2016-07-12T00:45:26","guid":{"rendered":"http:\/\/dimensionfxmedia.com\/fr\/claude-brazeau\/"},"modified":"2022-10-04T15:03:46","modified_gmt":"2022-10-04T19:03:46","slug":"claude-brazeau","status":"publish","type":"page","link":"https:\/\/dimensionfxmedia.com\/fr\/a-propos\/claude-brazeau\/","title":{"rendered":"Claude Brazeau MPA"},"content":{"rendered":"<div class=\"wpb-content-wrapper\"><p>[vc_row][vc_column width=\u00a0\u00bb1\/3&Prime;][vc_single_image image=\u00a0\u00bb806&Prime; img_size=\u00a0\u00bbfull\u00a0\u00bb alignment=\u00a0\u00bbcenter\u00a0\u00bb style=\u00a0\u00bbvc_box_circle\u00a0\u00bb image_hovers=\u00a0\u00bbfalse\u00a0\u00bb][vc_column_text]<\/p>\n<h3 style=\"text-align: center;\">Claude Brazeau MPA<\/h3>\n<h4 style=\"text-align: center;\"><span style=\"color: #cccccc;\">photographe<\/span><\/h4>\n<p>[\/vc_column_text][vc_row_inner][vc_column_inner][vc_separator][\/vc_column_inner][\/vc_row_inner][vc_column_text css=\u00a0\u00bb.vc_custom_1480017844736{padding-top: 0px !important;padding-right: 20px !important;padding-bottom: 0px !important;padding-left: 20px !important;}\u00a0\u00bb]<\/p>\n<h4 style=\"text-align: center;\">Information de contact<\/h4>\n<p style=\"text-align: center;\">Bureau: 514-772-1144<br \/>\nCel: 613-302-7010<\/p>\n<p style=\"text-align: center;\"><div class=\"soc-ico text-centered\"><a title=\"Site Web page opens in new window\" href=\"http:\/\/brazeauphoto.com\" target=\"_blank\" class=\"website\"><span class=\"soc-font-icon\"><\/span><span class=\"screen-reader-text\">Site Web page opens in new window<\/span><\/a><a title=\"Facebook page opens in new window\" href=\"https:\/\/www.facebook.com\/claude.brazeau\" target=\"_blank\" class=\"facebook\"><span class=\"soc-font-icon\"><\/span><span class=\"screen-reader-text\">Facebook page opens in new window<\/span><\/a><a title=\"Instagram page opens in new window\" href=\"https:\/\/www.instagram.com\/cbrazeau\/\" target=\"_blank\" class=\"instagram\"><span class=\"soc-font-icon\"><\/span><span class=\"screen-reader-text\">Instagram page opens in new window<\/span><\/a><a title=\"LinkedIn page opens in new window\" href=\"https:\/\/www.linkedin.com\/in\/claude-brazeau-b81ab36a\/fr\" target=\"_blank\" class=\"linkedin\"><span class=\"soc-font-icon\"><\/span><span class=\"screen-reader-text\">LinkedIn page opens in new window<\/span><\/a><\/div>\n<p>[\/vc_column_text][vc_separator][\/vc_column][vc_column width=\u00a0\u00bb2\/3&Prime;][vc_row_inner][vc_column_inner][vc_column_text]<\/p>\n<h4>Biographie<\/h4>\n<p>Ma\u00eetre photographe, gagnant de plusieurs prix sp\u00e9cialis\u00e9 en portrait et mariage. Membre des PPOC (Professional Photographers of Canada) et de PPA (Professional Photographers of America).[\/vc_column_text][vc_column_text css=\u00a0\u00bb.vc_custom_1473961360728{margin-bottom: 10px !important;}\u00a0\u00bb]<\/p>\n<h4>Prix et reconnaissances<\/h4>\n<p>[\/vc_column_text][vc_column_text css=\u00a0\u00bb.vc_custom_1478808019316{margin-top: 0px !important;padding-top: 0px !important;padding-left: 30px !important;}\u00a0\u00bb]<\/p>\n<ul>\n<li>2016 Canada : Best in Class Portrait \/ Loan Collection \/ Choix du juge<\/li>\n<li>2016 International : Finaliste Photographic World Cup 2016<\/li>\n<li>2015 Canada : Canadian Master Photographer of the Year<\/li>\n<li>2015 Canada : Finalist (2nd) Canadian Commercial Photographer of the Year<\/li>\n<li>2015 International : Northern District of Professional Photographers of America, Top Ten Imager Award<\/li>\n<li>2014 Ontario : Best in Class Industrial<\/li>\n<li>2014 Atlantic : Finalist Out of Province PPOC-Atlantic Photographer of the Year 2014, \u00a0Four prints accepted<\/li>\n<li>2014 International : Bronze Medalist PPA (Professional Photographers of America) international competition<\/li>\n<li>2014 Canada : Best in Class Portrait<\/li>\n<li>2013 Ontario : Portrait Photographer of the Year \/ Best in ClassPortrait \/ Judge\u2019s Choice from judge David Williams<\/li>\n<li>2011 Ontario : Portrait Photographer of the Year<\/li>\n<li>2011 Ontario : Best in Class Fine Art \/ \u00a0Judge\u2019s Choice \/ People\u2019s Choice<\/li>\n<li>2011 Ontario : Photojournalistic Wedding \u2013 Best in Class<\/li>\n<li>2011 Canada : Photojournalistic Wedding \u2013 Best in Class<\/li>\n<li>2010 Ontario : Portrait Photographer of the Year<\/li>\n<li>2005 Ottawa : Prix d\u2019Excellence from RGA (Ottawa francophone chamber of commerce association) self-employed person of the year.<\/li>\n<\/ul>\n<p>[\/vc_column_text][\/vc_column_inner][\/vc_row_inner][vc_row_inner][vc_column_inner][vc_separator][vc_column_text css=\u00a0\u00bb.vc_custom_1478729125614{margin-bottom: 30px !important;}\u00a0\u00bb]<\/p>\n<h4 style=\"text-align: center;\">Membre d&rsquo;Associations professionnelles<\/h4>\n<p>[\/vc_column_text][\/vc_column_inner][\/vc_row_inner][vc_row_inner][vc_column_inner width=\u00a0\u00bb1\/2&Prime;][vc_single_image image=\u00a0\u00bb866&Prime; img_size=\u00a0\u00bbmedium\u00a0\u00bb alignment=\u00a0\u00bbcenter\u00a0\u00bb onclick=\u00a0\u00bbcustom_link\u00a0\u00bb img_link_target=\u00a0\u00bb_blank\u00a0\u00bb link=\u00a0\u00bbhttp:\/\/www.ppoc.ca\/\u00a0\u00bb][\/vc_column_inner][vc_column_inner width=\u00a0\u00bb1\/2&Prime;][vc_single_image image=\u00a0\u00bb890&Prime; img_size=\u00a0\u00bbmedium\u00a0\u00bb alignment=\u00a0\u00bbcenter\u00a0\u00bb onclick=\u00a0\u00bbcustom_link\u00a0\u00bb img_link_target=\u00a0\u00bb_blank\u00a0\u00bb link=\u00a0\u00bbhttp:\/\/www.ppa.com\/\u00a0\u00bb css=\u00a0\u00bb.vc_custom_1468339007226{margin-right: 70px !important;margin-left: 70px !important;}\u00a0\u00bb][\/vc_column_inner][\/vc_row_inner][vc_row_inner][vc_column_inner][vc_separator][\/vc_column_inner][\/vc_row_inner][\/vc_column][\/vc_row]<\/p>\n<\/div>","protected":false},"excerpt":{"rendered":"<p>[vc_row][vc_column width=\u00a0\u00bb1\/3&Prime;][vc_single_image image=\u00a0\u00bb806&Prime; img_size=\u00a0\u00bbfull\u00a0\u00bb alignment=\u00a0\u00bbcenter\u00a0\u00bb style=\u00a0\u00bbvc_box_circle\u00a0\u00bb image_hovers=\u00a0\u00bbfalse\u00a0\u00bb][vc_column_text] Claude Brazeau MPA photographe [\/vc_column_text][vc_row_inner][vc_column_inner][vc_separator][\/vc_column_inner][\/vc_row_inner][vc_column_text css=\u00a0\u00bb.vc_custom_1480017844736{padding-top: 0px !important;padding-right: 20px !important;padding-bottom: 0px !important;padding-left: 20px !important;}\u00a0\u00bb] Information de contact Bureau: 514-772-1144 Cel: 613-302-7010 [\/vc_column_text][vc_separator][\/vc_column][vc_column width=\u00a0\u00bb2\/3&Prime;][vc_row_inner][vc_column_inner][vc_column_text] Biographie Ma\u00eetre photographe, gagnant de plusieurs prix sp\u00e9cialis\u00e9 en portrait et mariage. Membre des PPOC (Professional Photographers of Canada) et de PPA (Professional Photographers of&hellip;<\/p>\n","protected":false},"author":1,"featured_media":0,"parent":3641,"menu_order":12,"comment_status":"closed","ping_status":"closed","template":"","meta":{"footnotes":""},"_links":{"self":[{"href":"https:\/\/dimensionfxmedia.com\/fr\/wp-json\/wp\/v2\/pages\/3639"}],"collection":[{"href":"https:\/\/dimensionfxmedia.com\/fr\/wp-json\/wp\/v2\/pages"}],"about":[{"href":"https:\/\/dimensionfxmedia.com\/fr\/wp-json\/wp\/v2\/types\/page"}],"author":[{"embeddable":true,"href":"https:\/\/dimensionfxmedia.com\/fr\/wp-json\/wp\/v2\/users\/1"}],"replies":[{"embeddable":true,"href":"https:\/\/dimensionfxmedia.com\/fr\/wp-json\/wp\/v2\/comments?post=3639"}],"version-history":[{"count":7,"href":"https:\/\/dimensionfxmedia.com\/fr\/wp-json\/wp\/v2\/pages\/3639\/revisions"}],"predecessor-version":[{"id":4006,"href":"https:\/\/dimensionfxmedia.com\/fr\/wp-json\/wp\/v2\/pages\/3639\/revisions\/4006"}],"up":[{"embeddable":true,"href":"https:\/\/dimensionfxmedia.com\/fr\/wp-json\/wp\/v2\/pages\/3641"}],"wp:attachment":[{"href":"https:\/\/dimensionfxmedia.com\/fr\/wp-json\/wp\/v2\/media?parent=3639"}],"curies":[{"name":"wp","href":"https:\/\/api.w.org\/{rel}","templated":true}]}}