{"id":2829,"date":"2016-06-29T17:32:30","date_gmt":"2016-06-29T21:32:30","guid":{"rendered":"http:\/\/dimensionfxmedia.com\/fr\/graphic-design\/"},"modified":"2022-10-04T14:46:41","modified_gmt":"2022-10-04T18:46:41","slug":"design-graphique","status":"publish","type":"page","link":"https:\/\/dimensionfxmedia.com\/fr\/design-graphique\/","title":{"rendered":"Portfolio | Design graphique"},"content":{"rendered":"<div class=\"wpb-content-wrapper\"><p>[vc_row][vc_column][vc_column_text]<\/p>\n<h3 style=\"text-align: center;\">Ayez une image de marque exceptionnelle avec des graphistes professionnels!<\/h3>\n<p style=\"text-align: center;\">Osez la diff\u00e9rence avec une touche de cr\u00e9ativit\u00e9 pour la conception de logo, de pictogramme, de carte d&rsquo;affaires, de page de magazine, d&rsquo;affiche, de catalogue, de d\u00e9pliant, de calendrier, de banni\u00e8re ou pour tout autre projet graphique. Mettez-nous au d\u00e9fi!<\/p>\n<p>[\/vc_column_text][vc_separator][\/vc_column][\/vc_row]<\/p>\n<\/div>","protected":false},"excerpt":{"rendered":"<p>[vc_row][vc_column][vc_column_text] Ayez une image de marque exceptionnelle avec des graphistes professionnels! Osez la diff\u00e9rence avec une touche de cr\u00e9ativit\u00e9 pour la conception de logo, de pictogramme, de carte d&rsquo;affaires, de page de magazine, d&rsquo;affiche, de catalogue, de d\u00e9pliant, de calendrier, de banni\u00e8re ou pour tout autre projet graphique. Mettez-nous au d\u00e9fi! [\/vc_column_text][vc_separator][\/vc_column][\/vc_row]<\/p>\n","protected":false},"author":1,"featured_media":4531,"parent":0,"menu_order":31,"comment_status":"closed","ping_status":"closed","template":"template-portfolio-masonry.php","meta":{"footnotes":""},"_links":{"self":[{"href":"https:\/\/dimensionfxmedia.com\/fr\/wp-json\/wp\/v2\/pages\/2829"}],"collection":[{"href":"https:\/\/dimensionfxmedia.com\/fr\/wp-json\/wp\/v2\/pages"}],"about":[{"href":"https:\/\/dimensionfxmedia.com\/fr\/wp-json\/wp\/v2\/types\/page"}],"author":[{"embeddable":true,"href":"https:\/\/dimensionfxmedia.com\/fr\/wp-json\/wp\/v2\/users\/1"}],"replies":[{"embeddable":true,"href":"https:\/\/dimensionfxmedia.com\/fr\/wp-json\/wp\/v2\/comments?post=2829"}],"version-history":[{"count":5,"href":"https:\/\/dimensionfxmedia.com\/fr\/wp-json\/wp\/v2\/pages\/2829\/revisions"}],"predecessor-version":[{"id":3710,"href":"https:\/\/dimensionfxmedia.com\/fr\/wp-json\/wp\/v2\/pages\/2829\/revisions\/3710"}],"wp:featuredmedia":[{"embeddable":true,"href":"https:\/\/dimensionfxmedia.com\/fr\/wp-json\/wp\/v2\/media\/4531"}],"wp:attachment":[{"href":"https:\/\/dimensionfxmedia.com\/fr\/wp-json\/wp\/v2\/media?parent=2829"}],"curies":[{"name":"wp","href":"https:\/\/api.w.org\/{rel}","templated":true}]}}