{"id":2562,"date":"2016-06-23T23:29:51","date_gmt":"2016-06-23T23:29:51","guid":{"rendered":"http:\/\/dimensionfxmedia.com\/fr\/contact\/"},"modified":"2020-11-02T16:21:32","modified_gmt":"2020-11-02T21:21:32","slug":"contact","status":"publish","type":"page","link":"https:\/\/dimensionfxmedia.com\/fr\/contact\/","title":{"rendered":"Contact"},"content":{"rendered":"<div class=\"wpb-content-wrapper\"><p>[vc_row][vc_column width=\u00a0\u00bb1\/2&Prime;][vc_column_text]<\/p>\n<h4>Bonjour!<\/h4>\n<p style=\"text-align: justify;\">Si vous avez des questions ou un commentaire \u00e0 formuler, n&rsquo;h\u00e9sitez pas \u00e0 nous \u00e9crire. Il nous fera plaisir de vous r\u00e9pondre!<\/p>\n<p>[\/vc_column_text][vc_column_text]<\/p>\n<h4>R\u00e9gion d&rsquo;Ottawa, Outaouais et Montr\u00e9al<\/h4>\n<p style=\"text-align: left; padding-left: 30px;\">514-772-1144<\/p>\n<p>[\/vc_column_text][\/vc_column][vc_column width=\u00a0\u00bb1\/2&Prime;][vc_column_text css=\u00a0\u00bb.vc_custom_1473776081553{margin-bottom: 10px !important;}\u00a0\u00bb]<\/p>\n<h4>Nous \u00e9crire<\/h4>\n<p>[\/vc_column_text][vc_column_text]\n<div class=\"wpcf7 no-js\" id=\"wpcf7-f3845-o1\" lang=\"en-US\" dir=\"ltr\">\n<div class=\"screen-reader-response\"><p role=\"status\" aria-live=\"polite\" aria-atomic=\"true\"><\/p> <ul><\/ul><\/div>\n<form action=\"\/fr\/wp-json\/wp\/v2\/pages\/2562#wpcf7-f3845-o1\" method=\"post\" class=\"wpcf7-form init\" aria-label=\"Contact form\" novalidate=\"novalidate\" data-status=\"init\">\n<div style=\"display: none;\">\n<input type=\"hidden\" name=\"_wpcf7\" value=\"3845\" \/>\n<input type=\"hidden\" name=\"_wpcf7_version\" value=\"5.9.3\" \/>\n<input type=\"hidden\" name=\"_wpcf7_locale\" value=\"en_US\" \/>\n<input type=\"hidden\" name=\"_wpcf7_unit_tag\" value=\"wpcf7-f3845-o1\" \/>\n<input type=\"hidden\" name=\"_wpcf7_container_post\" value=\"0\" \/>\n<input type=\"hidden\" name=\"_wpcf7_posted_data_hash\" value=\"\" \/>\n<input type=\"hidden\" name=\"_wpcf7_recaptcha_response\" value=\"\" \/>\n<\/div>\n<p>Votre nom (requis)\n<\/p>\n<p><span class=\"wpcf7-form-control-wrap\" data-name=\"your-name\"><input size=\"40\" class=\"wpcf7-form-control wpcf7-text wpcf7-validates-as-required\" aria-required=\"true\" aria-invalid=\"false\" value=\"\" type=\"text\" name=\"your-name\" \/><\/span>\n<\/p>\n<p>Votre courriel (requis)\n<\/p>\n<p><span class=\"wpcf7-form-control-wrap\" data-name=\"your-email\"><input size=\"40\" class=\"wpcf7-form-control wpcf7-email wpcf7-validates-as-required wpcf7-text wpcf7-validates-as-email\" aria-required=\"true\" aria-invalid=\"false\" value=\"\" type=\"email\" name=\"your-email\" \/><\/span>\n<\/p>\n<p>Sujet\n<\/p>\n<p><span class=\"wpcf7-form-control-wrap\" data-name=\"your-subject\"><input size=\"40\" class=\"wpcf7-form-control wpcf7-text\" aria-invalid=\"false\" value=\"\" type=\"text\" name=\"your-subject\" \/><\/span>\n<\/p>\n<p>Votre Message\n<\/p>\n<p><span class=\"wpcf7-form-control-wrap\" data-name=\"your-message\"><textarea cols=\"40\" rows=\"10\" class=\"wpcf7-form-control wpcf7-textarea\" aria-invalid=\"false\" name=\"your-message\"><\/textarea><\/span>\n<\/p>\n<p><input class=\"wpcf7-form-control wpcf7-submit has-spinner\" type=\"submit\" value=\"Envoyer le message\" \/>\n<\/p><div class=\"wpcf7-response-output\" aria-hidden=\"true\"><\/div>\n<\/form>\n<\/div>\n[\/vc_column_text][\/vc_column][\/vc_row]<\/p>\n<\/div>","protected":false},"excerpt":{"rendered":"<p>[vc_row][vc_column width=\u00a0\u00bb1\/2&Prime;][vc_column_text] Bonjour! Si vous avez des questions ou un commentaire \u00e0 formuler, n&rsquo;h\u00e9sitez pas \u00e0 nous \u00e9crire. Il nous fera plaisir de vous r\u00e9pondre! [\/vc_column_text][vc_column_text] R\u00e9gion d&rsquo;Ottawa, Outaouais et Montr\u00e9al 514-772-1144 [\/vc_column_text][\/vc_column][vc_column width=\u00a0\u00bb1\/2&Prime;][vc_column_text css=\u00a0\u00bb.vc_custom_1473776081553{margin-bottom: 10px !important;}\u00a0\u00bb] Nous \u00e9crire [\/vc_column_text][vc_column_text][\/vc_column_text][\/vc_column][\/vc_row]<\/p>\n","protected":false},"author":1,"featured_media":0,"parent":0,"menu_order":80,"comment_status":"closed","ping_status":"closed","template":"","meta":{"footnotes":""},"_links":{"self":[{"href":"https:\/\/dimensionfxmedia.com\/fr\/wp-json\/wp\/v2\/pages\/2562"}],"collection":[{"href":"https:\/\/dimensionfxmedia.com\/fr\/wp-json\/wp\/v2\/pages"}],"about":[{"href":"https:\/\/dimensionfxmedia.com\/fr\/wp-json\/wp\/v2\/types\/page"}],"author":[{"embeddable":true,"href":"https:\/\/dimensionfxmedia.com\/fr\/wp-json\/wp\/v2\/users\/1"}],"replies":[{"embeddable":true,"href":"https:\/\/dimensionfxmedia.com\/fr\/wp-json\/wp\/v2\/comments?post=2562"}],"version-history":[{"count":8,"href":"https:\/\/dimensionfxmedia.com\/fr\/wp-json\/wp\/v2\/pages\/2562\/revisions"}],"predecessor-version":[{"id":5538,"href":"https:\/\/dimensionfxmedia.com\/fr\/wp-json\/wp\/v2\/pages\/2562\/revisions\/5538"}],"wp:attachment":[{"href":"https:\/\/dimensionfxmedia.com\/fr\/wp-json\/wp\/v2\/media?parent=2562"}],"curies":[{"name":"wp","href":"https:\/\/api.w.org\/{rel}","templated":true}]}}